{"id":824,"date":"2014-11-16T15:46:06","date_gmt":"2014-11-16T15:46:06","guid":{"rendered":"http:\/\/base1.dyndns-server.com:8090\/ciuedu\/?page_id=824"},"modified":"2021-11-24T17:33:52","modified_gmt":"2021-11-24T17:33:52","slug":"politicas-de-privacidad-y-uso","status":"publish","type":"page","link":"https:\/\/ciu-edu.org\/?page_id=824","title":{"rendered":"Politicas de Uso"},"content":{"rendered":"\n<h4 class=\"wp-block-heading\">Aviso legal<\/h4>\n\n\n\n<p>CIU Cambridge International University es una instituci\u00f3n educativa privada, siendo la Sede Principal de representaci\u00f3n para los pa\u00edses hispano-hablantes, as\u00ed como los servicios centrales de atenci\u00f3n al alumno, regentada desde la ciudad de M\u00e1laga, Costa Sur de Espa\u00f1a (UE).<br>CIU Cambridge International University tiene su sede central en la C\/ Victoria M\u00e9rida y Piret, 6, Lc 5 \u2013 29004 \u2013 M\u00e1laga \u2013 Espa\u00f1a.<\/p>\n\n\n\n<h4 class=\"wp-block-heading\">Contenidos<\/h4>\n\n\n\n<p>La informaci\u00f3n contenida en este Portal tiene por objeto el cumplimiento de la funci\u00f3n de atenci\u00f3n e informaci\u00f3n al interesado en nuestra oferta formativa, y no supondr\u00e1 una interpretaci\u00f3n normativa, ni consideraci\u00f3n jur\u00eddica o econ\u00f3mica en los t\u00e9rminos establecidos por el Real Decreto 208\/1996, de 9 de febrero, por el que se regulan los Servicios de Informaci\u00f3n.<\/p>\n\n\n\n<h4 class=\"wp-block-heading\">Condiciones Generales de Uso<\/h4>\n\n\n\n<p>El acceso y uso de esta p\u00e1gina Web y de todas las asociadas a CIU Cambridge International University correspondientes a sus \u00d3rganos, Servicios, Facultades, Escuelas, Departamentos e Institutos (en adelante la p\u00e1gina web) y atribuye a quien la utiliza, la condici\u00f3n de usuario e implica la aceptaci\u00f3n de todos y cada uno de los t\u00e9rminos que se recogen en las presentes Condiciones Generales, sin perjuicio de que el acceso a alguno de los servicios o contenidos, que a trav\u00e9s de dichas p\u00e1ginas se puedan obtener, pudiera estar sujeto a la aceptaci\u00f3n de unas Condiciones Particulares adicionales.<\/p>\n\n\n\n<p>CIU Cambridge International University podr\u00e1 modificar estas condiciones, cuando sea necesario, lo que ser\u00e1 objeto de publicaci\u00f3n. El usuario podr\u00e1 acceder peri\u00f3dicamente a las mismas para estar al tanto de los cambios producidos.<\/p>\n\n\n\n<h4 class=\"wp-block-heading\"> Condiciones Especificas, T\u00e9rminos y Condiciones <\/h4>\n\n\n\n<p>Las condiciones especificas, t\u00e9rminos y condiciones, declaran espec\u00edficamente que usted, antes de solicitar admisi\u00f3n a un programa de estudio, ha solicitado (v\u00eda e-mail) o localizado (v\u00eda web) informaci\u00f3n, la ha le\u00eddo y comprendido, y a partir de aqu\u00ed, ha satisfecho, si fuera necesario, cualquier duda o consulta que pudiera tener, llegando a la decisi\u00f3n de cursar admisi\u00f3n o no.<\/p>\n\n\n\n<p>Entendemos que este website, tiene la informaci\u00f3n suficiente, para entender y comprender a CIU como entidad educativa, cual es su constituci\u00f3n, como funciona, las nomenclaturas, diferencias entre t\u00edtulos oficiales y privados o propios, y en que consiste un programa de estudio basado en la distancia, y en formato digital. <\/p>\n\n\n\n<p>Tambi\u00e9n, declara y acepta, comprender que usted comprende que el producto basado en la distancia es \u00edntegramente digital, con la posibilidad seg\u00fan disponibilidad editorial, de solicitar el material impreso. <\/p>\n\n\n\n<p>Usted tiene derecho, satisfechas las tasas academicas y administrativas, a solicitar acceso al programa de estudio, y recibir los servicios ofertados (Claves de Acceso al Campus Virtual, Acceso al Carn\u00e9 de Estudiante, Acceso al Servicio Tutorial, Acceso al Administrador del Campus Virtual, Material de Estudio Digital, Zona de Evaluaci\u00f3n, Zona de Anteproyecto, y Tesis (si procede).<\/p>\n\n\n\n<p>Que entiende las modalidades de acceso, son: Al contado: Un solo pago con acceso completo al programa de estudio, y Fraccionado: adquiriendo la parte proporcional del programa de estudio seg\u00fan el pago (cuota) realizada.<\/p>\n\n\n\n<h4 class=\"wp-block-heading\">Administrativa y Atenci\u00f3n al Ciudadano.<\/h4>\n\n\n\n<p>La informaci\u00f3n y contenidos de este Portal no podr\u00e1 ser alegada en procesos contradictorios con la Administraci\u00f3n P\u00fablica, no siendo la CIU en ning\u00fan caso responsable de la aplicaci\u00f3n o uso concreto que pueda hacerse de la misma, ni de las discrepancias que puedan existir entre los documentos impresos de la Administraci\u00f3n competente y la publicaci\u00f3n electr\u00f3nica en estas p\u00e1ginas.<\/p>\n\n\n\n<p>CIU Cambridge International University podr\u00e1 modificar o suprimir libremente la informaci\u00f3n contenida en la p\u00e1gina web o su dise\u00f1o, presentaci\u00f3n y configuraci\u00f3n al objeto de que la misma est\u00e9 permanentemente actualizada y libre de errores.<\/p>\n\n\n\n<p>Debido a que la actualizaci\u00f3n de la informaci\u00f3n no es inmediata, le sugerimos que compruebe siempre la vigencia, actualidad y exactitud de la informaci\u00f3n y contenidos recogidos en la p\u00e1gina web.<\/p>\n\n\n\n<p>Sin embargo, si bien CIU Cambridge International University ha tomado medidas razonables y pone el mayor empe\u00f1o para asegurarse de que la informaci\u00f3n contenida en la p\u00e1gina web sea correcta, no garantiza que sea exacta, completa, o actualizada, sin perjuicio de las informaciones, servicios y transacciones que preste CIU a trav\u00e9s de su sede electr\u00f3nica de acuerdo con lo establecido en la Ley 11\/2007, de 22 de junio, de acceso electr\u00f3nico de los ciudadanos a los Servicios P\u00fablicos. CIU Cambridge International University publica su informaci\u00f3n oficial \u00fanicamente en su Sede electr\u00f3nica, Boletines Electr\u00f3nicos y Tablones de Anuncios de los Centros y Servicios Centrales.<\/p>\n\n\n\n<p>El acceso y la utilizaci\u00f3n de ciertos contenidos y servicios puede encontrarse sometido a determinadas condiciones propias, avisos legales, directrices y reglamentos de uso que, previamente puestos en conocimiento del usuario, y seg\u00fan los casos, sustituir\u00e1n, completar\u00e1n y\/o modificar\u00e1n las Condiciones Generales aqu\u00ed recogidas. El acceso y la utilizaci\u00f3n de dichos contenidos y servicios implicar\u00e1, por consiguiente, la plena adhesi\u00f3n a las Condiciones Particulares que los regulan en la versi\u00f3n publicada en el momento que el usuario acceda a los mismos, quedando dichas Condiciones Particulares incorporadas autom\u00e1ticamente a las presentes Condiciones Generales.<\/p>\n\n\n\n<p>En caso de contradicci\u00f3n entre los t\u00e9rminos y condiciones manifestados en las Condiciones Generales y en las Condiciones Particulares, prevalecer\u00e1n, siempre y en todo caso, los t\u00e9rminos acordados en este \u00faltimo instrumento respecto de aquellos t\u00e9rminos incompatibles y tan s\u00f3lo respecto de aquellos contenidos y servicios sometidos a dicha espec\u00edfica regulaci\u00f3n. Para el acceso al sitio web el usuario debe contar con un acceso a Internet, bien sea directamente o bien indirectamente, a trav\u00e9s de los dispositivos de acceso. Para el correcto acceso, visualizaci\u00f3n e implementaci\u00f3n de determinados contenidos y servicios del sitio web, el usuario podr\u00e1 necesitar la descarga en sus equipos inform\u00e1ticos de determinados programas de ordenador u otros elementos l\u00f3gicos. Dicha instalaci\u00f3n correr\u00e1 a cargo del usuario, declinando CIU Cambridge International University cualquier tipo de responsabilidad que de ello se pudiera derivar.<\/p>\n\n\n\n<p>El usuario se compromete a hacer un buen uso de los contenidos de esta web, que nunca podr\u00e1n ser utilizados para actividades il\u00edcitas o lesivas de derechos y libertades de terceros, o que puedan ser contrarias a la moral, los buenos usos y costumbres y el orden p\u00fablico.<\/p>\n\n\n\n<p>En cualquier caso, la utilizaci\u00f3n de la informaci\u00f3n proporcionada a trav\u00e9s de la p\u00e1gina web es responsabilidad exclusiva del usuario, no pudiendo repercutir a CIU Cambridge International University cualquier consecuencia derivada directa o indirectamente del acceso a esta web, en particular en relaci\u00f3n con la adopci\u00f3n de decisiones sobre el inicio, desarrollo o resultado de procedimientos administrativos, las cuales deber\u00e1n ser contrastadas en los centros, organismos o dependencias competentes.<\/p>\n\n\n\n<h4 class=\"wp-block-heading\">Seguridad<\/h4>\n\n\n\n<p>CIU Cambridge International University adopta las necesarias medidas de seguridad en el uso de las tecnolog\u00edas de la informaci\u00f3n, sin embargo \u00e9stas no son infalibles y el usuario debe de ser consciente de esto.<\/p>\n\n\n\n<p>Por este motivo CIU no se hace responsable de los da\u00f1os, perjuicios, p\u00e9rdidas, anomal\u00edas, mal funcionamiento o deterioro que se puedan producir en los equipos o sistemas de los usuarios como consecuencia directa o indirecta del acceso a este Portal, o que puedan causar virus, troyanos o dem\u00e1s programas inform\u00e1ticos.<\/p>\n\n\n\n<p>As\u00ed mismo no ser\u00e1 responsable en los casos en que no sea posible garantizar la disponibilidad y continuidad del funcionamiento de la p\u00e1gina web y la inexistencia de fallos operativos, interrupciones en el servicio o transmisi\u00f3n, o errores en el acceso a la misma o a su contenido por causas de fuerza mayor o accidentes o en cualquier otro caso no imputable a CIU o sea necesario para la correcta prestaci\u00f3n del servicio en los supuestos de paradas de mantenimiento.<\/p>\n\n\n\n<h4 class=\"wp-block-heading\">Derechos de Propiedad Intelectual y Propiedad Industrial<\/h4>\n\n\n\n<p>Este Portal es propiedad de CIU Cambridge International University, Inc. Los derechos de Propiedad Intelectual e Industrial de este Portal, el c\u00f3digo CSS y HTML, p\u00e1ginas, pantallas, la informaci\u00f3n que contienen, su apariencia, dise\u00f1o, logos, marcas y dem\u00e1s signos distintivos que aparecen en el mismo, son propiedad exclusiva de CIU, salvo aquellos elementos cuya autor\u00eda o propiedad se indique de forma expl\u00edcita, as\u00ed como los siguientes elementos, los cuales pertenecen a sus respectivos autores seg\u00fan las condiciones indicadas por cada uno de ellos:<\/p>\n\n\n\n<ul class=\"wp-block-list\"><li> Crystal Project (Everaldo Coelho)<\/li><li> FancyBox (Janis Skarnelis)<\/li><li> JonDesign\u2019s SmoothGallery (Jonathan Schemoul)<\/li><li> jQueryUI (jQuery Team)<\/li><li> jsTree (Ivan Bozhanov)<\/li><\/ul>\n\n\n\n<p>Cualquier uso indebido de las mismas por persona diferente de su leg\u00edtimo titular dar\u00e1 lugar al ejercicio de las acciones que legalmente le correspondan a CIU y, en su caso, a las responsabilidades que de dicho ejercicio se deriven.<\/p>\n\n\n\n<p>Se autoriza la reproducci\u00f3n total o parcial de los contenidos de la p\u00e1gina web, copia y env\u00edo de URL\u00b4s, descargas y re-env\u00edo de los Dossiers informativos siempre que se cite expresamente su origen p\u00fablico. En caso de ser citado alg\u00fan dato contenido en la misma, ser\u00e1 respetada su integridad y significado.<\/p>\n\n\n\n<h4 class=\"wp-block-heading\">Enlaces<\/h4>\n\n\n\n<p>CIU Cambridge International University no asume ninguna responsabilidad sobre los enlaces a otras p\u00e1ginas Web que sean incluidos en cada momento en la p\u00e1gina web con el objeto de facilitar mayor informaci\u00f3n al usuario y ampliar los recursos a su disposici\u00f3n, al carecer de control sobre las mismas. En caso de acceder a sus contenidos, el usuario lo har\u00e1 bajo su exclusiva responsabilidad y en las condiciones de uso a las que las mismas est\u00e9n sujetas.<\/p>\n\n\n\n<p>Los sitios Web que incorporen enlaces a esta web no podr\u00e1n incluir indicaciones falsas, inexactas o confusas que puedan inducir a error a quienes accedan.<\/p>\n\n\n\n<h4 class=\"wp-block-heading\">Derecho de Desistimiento<\/h4>\n\n\n\n<p>La actividad de CIU, respecto a sus servicios acad\u00e9micos y productos electr\u00f3nicos, est\u00e1n acogidos al Art\u00edculo 103, donde se especifican las excepciones al derecho de desistimiento, donde especifica claramente que el derecho de desistimiento no ser\u00e1 aplicable a los contratos que se refieran acontenido digital que no se preste en un soporte material cuando la ejecuci\u00f3n haya comenzado con el previo consentimiento expreso del consumidor y usuario con el conocimiento por su parte de que en consecuencia pierde su derecho de desistimiento<\/p>\n\n\n\n<h4 class=\"wp-block-heading\">Actuaciones prohibidas y errores<\/h4>\n\n\n\n<p>Cualquier usuario que conozca alguna actuaci\u00f3n que, de forma irregular, pueda modificar o alterar los contenidos, violar los derechos de propiedad intelectual e industrial, deteriorar el buen funcionamiento o impedir el acceso a este Portal, actuaciones que quedan expresamente prohibidas, deber\u00e1 comunicar esta situaci\u00f3n a la Secretar\u00eda General de CIU Cambridge International University por alguno de los medios de contacto proporcionados en la p\u00e1gina web.<br>As\u00ed mismo si detecta alg\u00fan error se ruega sea comunicado a la CIU.<\/p>\n","protected":false},"excerpt":{"rendered":"<p>Aviso legal CIU Cambridge International University es una instituci\u00f3n educativa privada, siendo la Sede Principal de representaci\u00f3n para los pa\u00edses hispano-hablantes, as\u00ed como los servicios centrales de atenci\u00f3n al alumno, regentada desde la ciudad de M\u00e1laga, Costa Sur de Espa\u00f1a (UE).CIU Cambridge International University tiene su sede central en la C\/ Victoria M\u00e9rida y Piret, 6, Lc 5 \u2013 29004 \u2013 M\u00e1laga \u2013 Espa\u00f1a. Contenidos La informaci\u00f3n contenida en este Portal tiene por objeto el cumplimiento de la funci\u00f3n de&hellip;<\/p>\n","protected":false},"author":1,"featured_media":0,"parent":0,"menu_order":0,"comment_status":"closed","ping_status":"open","template":"","meta":{"_joinchat":[],"footnotes":""},"class_list":["post-824","page","type-page","status-publish","hentry"],"_links":{"self":[{"href":"https:\/\/ciu-edu.org\/index.php?rest_route=\/wp\/v2\/pages\/824","targetHints":{"allow":["GET"]}}],"collection":[{"href":"https:\/\/ciu-edu.org\/index.php?rest_route=\/wp\/v2\/pages"}],"about":[{"href":"https:\/\/ciu-edu.org\/index.php?rest_route=\/wp\/v2\/types\/page"}],"author":[{"embeddable":true,"href":"https:\/\/ciu-edu.org\/index.php?rest_route=\/wp\/v2\/users\/1"}],"replies":[{"embeddable":true,"href":"https:\/\/ciu-edu.org\/index.php?rest_route=%2Fwp%2Fv2%2Fcomments&post=824"}],"version-history":[{"count":11,"href":"https:\/\/ciu-edu.org\/index.php?rest_route=\/wp\/v2\/pages\/824\/revisions"}],"predecessor-version":[{"id":4480,"href":"https:\/\/ciu-edu.org\/index.php?rest_route=\/wp\/v2\/pages\/824\/revisions\/4480"}],"wp:attachment":[{"href":"https:\/\/ciu-edu.org\/index.php?rest_route=%2Fwp%2Fv2%2Fmedia&parent=824"}],"curies":[{"name":"wp","href":"https:\/\/api.w.org\/{rel}","templated":true}]}}