{"id":8105,"date":"2024-05-01T08:52:33","date_gmt":"2024-05-01T07:52:33","guid":{"rendered":"https:\/\/ciu-edu.org\/?page_id=8105"},"modified":"2026-03-02T08:51:02","modified_gmt":"2026-03-02T07:51:02","slug":"bienvenida-del-rector","status":"publish","type":"page","link":"https:\/\/ciu-edu.org\/?page_id=8105","title":{"rendered":"Bienvenid@S a CIU"},"content":{"rendered":"\n<div class=\"wp-block-media-text is-stacked-on-mobile is-vertically-aligned-center is-image-fill-element is-style-rounded\" style=\"grid-template-columns:33% auto\"><figure class=\"wp-block-media-text__media\"><img loading=\"lazy\" decoding=\"async\" width=\"1024\" height=\"1024\" src=\"https:\/\/ciu-edu.org\/wp-content\/uploads\/2024\/05\/Rector_Dr_Perez_Navarro.jpg\" alt=\"\" class=\"wp-image-8106 size-full\" style=\"object-position:50% 77%\" srcset=\"https:\/\/ciu-edu.org\/wp-content\/uploads\/2024\/05\/Rector_Dr_Perez_Navarro.jpg 1024w, https:\/\/ciu-edu.org\/wp-content\/uploads\/2024\/05\/Rector_Dr_Perez_Navarro-300x300.jpg 300w, https:\/\/ciu-edu.org\/wp-content\/uploads\/2024\/05\/Rector_Dr_Perez_Navarro-150x150.jpg 150w, https:\/\/ciu-edu.org\/wp-content\/uploads\/2024\/05\/Rector_Dr_Perez_Navarro-768x768.jpg 768w\" sizes=\"auto, (max-width: 1024px) 100vw, 1024px\" \/><\/figure><div class=\"wp-block-media-text__content\">\n<p><strong>Inicialmente, reciba una cordial bienvenida a CIU Cambridge International University.<\/strong><\/p>\n\n\n\n<p>Les extiendo una invitaci\u00f3n, en nombre de toda nuestra comunidad educativa, a navegar por este sitio web, que refleja nuestro <strong>empe\u00f1o y compromiso diario <\/strong>con la excelencia acad\u00e9mica, la investigaci\u00f3n de vanguardia, la innovaci\u00f3n tecnol\u00f3gica, el enriquecimiento cultural y nuestra contribuci\u00f3n internacional al progreso socioecon\u00f3mico.<\/p>\n<\/div><\/div>\n\n\n\n<p><\/p>\n\n\n\n<p>Como instituci\u00f3n dedicada al servicio p\u00fablico de la educaci\u00f3n superior, y en particular a la <strong>modalidad de educaci\u00f3n basadas en la metodolog\u00edas <strong>\u00abBlended Training\u00bb (Formaci\u00f3n Semi-Presencial)<\/strong><\/strong> y<strong> \u00abDistance Global Learning\u00bb<\/strong> <strong>(Formaci\u00f3n basada en la Distancia + TIC)<\/strong> posicion\u00e1ndonos como una universidad pionera y accesible, <strong>alineada con los est\u00e1ndares europeos de calidad.<\/strong><\/p>\n\n\n\n<p><strong>Nuestro objetivo es ser el referente educativo para nuestros estudiantes,<\/strong> quienes son el coraz\u00f3n de nuestra misi\u00f3n y el prop\u00f3sito fundamental de nuestra existencia. Ellos son la fuente de nuestra inspiraci\u00f3n constante. En nuestras escuelas y facultades, nos empe\u00f1amos en ofrecer un ambiente estimulante que promueva su desarrollo acad\u00e9mico integral y los prepare para los desaf\u00edos del futuro, fomentando su capacidad cr\u00edtica, valores s\u00f3lidos y un compromiso social inquebrantable.<\/p>\n\n\n\n<p>En este WebSite, descubrir\u00e1n nuestra <strong>Oferta Educativa, M\u00e9todos de Acceso, \u00c1reas de Investigaci\u00f3n, Recursos Administrativos, Servicios y Actividades<\/strong> que son de gran inter\u00e9s para nuestra comunidad universitaria y para la sociedad en general. Les animo a <strong>explorar y aprovechar al m\u00e1ximo todas las oportunidades que CIU Cambridge International University les brinda<\/strong>, especialmente en nuestra <strong>modalidad de educaci\u00f3n superior basada en la distancia, con el apoyo de las TIC,<\/strong> dise\u00f1ada para aquellos que buscan <strong>flexibilidad y una experiencia educativa adaptada a la era digital.<\/strong><\/p>\n\n\n\n<p><strong>Sean bienvenid@s a C.I.U. un espacio que difumina las fronteras y fomenta el acceso global al conocimiento.<\/strong><\/p>\n","protected":false},"excerpt":{"rendered":"<p>Inicialmente, reciba una cordial bienvenida a CIU Cambridge International University. Les extiendo una invitaci\u00f3n, en nombre de toda nuestra comunidad educativa, a navegar por este sitio web, que refleja nuestro empe\u00f1o y compromiso diario con la excelencia acad\u00e9mica, la investigaci\u00f3n de vanguardia, la innovaci\u00f3n tecnol\u00f3gica, el enriquecimiento cultural y nuestra contribuci\u00f3n internacional al progreso socioecon\u00f3mico. Como instituci\u00f3n dedicada al servicio p\u00fablico de la educaci\u00f3n superior, y en particular a la modalidad de educaci\u00f3n basadas en la metodolog\u00edas \u00abBlended Training\u00bb (Formaci\u00f3n&hellip;<\/p>\n","protected":false},"author":1,"featured_media":8201,"parent":0,"menu_order":0,"comment_status":"closed","ping_status":"closed","template":"","meta":{"_joinchat":[],"footnotes":""},"class_list":["post-8105","page","type-page","status-publish","has-post-thumbnail","hentry","post-has-thumbnail"],"_links":{"self":[{"href":"https:\/\/ciu-edu.org\/index.php?rest_route=\/wp\/v2\/pages\/8105","targetHints":{"allow":["GET"]}}],"collection":[{"href":"https:\/\/ciu-edu.org\/index.php?rest_route=\/wp\/v2\/pages"}],"about":[{"href":"https:\/\/ciu-edu.org\/index.php?rest_route=\/wp\/v2\/types\/page"}],"author":[{"embeddable":true,"href":"https:\/\/ciu-edu.org\/index.php?rest_route=\/wp\/v2\/users\/1"}],"replies":[{"embeddable":true,"href":"https:\/\/ciu-edu.org\/index.php?rest_route=%2Fwp%2Fv2%2Fcomments&post=8105"}],"version-history":[{"count":11,"href":"https:\/\/ciu-edu.org\/index.php?rest_route=\/wp\/v2\/pages\/8105\/revisions"}],"predecessor-version":[{"id":9847,"href":"https:\/\/ciu-edu.org\/index.php?rest_route=\/wp\/v2\/pages\/8105\/revisions\/9847"}],"wp:featuredmedia":[{"embeddable":true,"href":"https:\/\/ciu-edu.org\/index.php?rest_route=\/wp\/v2\/media\/8201"}],"wp:attachment":[{"href":"https:\/\/ciu-edu.org\/index.php?rest_route=%2Fwp%2Fv2%2Fmedia&parent=8105"}],"curies":[{"name":"wp","href":"https:\/\/api.w.org\/{rel}","templated":true}]}}