{"id":5387,"date":"2021-12-01T12:56:37","date_gmt":"2021-12-01T12:56:37","guid":{"rendered":"https:\/\/ciu-edu.org\/?page_id=5387"},"modified":"2022-06-15T13:00:09","modified_gmt":"2022-06-15T13:00:09","slug":"paises-firmantes-del-convenio-de-la-haya","status":"publish","type":"page","link":"https:\/\/ciu-edu.org\/?page_id=5387","title":{"rendered":"Pa\u00edses Firmantes del Convenio de la Haya"},"content":{"rendered":"<div class=\"wp-block-image\">\n<figure class=\"aligncenter size-full is-resized\"><img loading=\"lazy\" decoding=\"async\" src=\"https:\/\/ciu-edu.org\/wp-content\/uploads\/2021\/12\/Haya_pag.png\" alt=\"\" class=\"wp-image-5391\" width=\"1173\" height=\"455\" srcset=\"https:\/\/ciu-edu.org\/wp-content\/uploads\/2021\/12\/Haya_pag.png 1173w, https:\/\/ciu-edu.org\/wp-content\/uploads\/2021\/12\/Haya_pag-300x116.png 300w, https:\/\/ciu-edu.org\/wp-content\/uploads\/2021\/12\/Haya_pag-1024x397.png 1024w, https:\/\/ciu-edu.org\/wp-content\/uploads\/2021\/12\/Haya_pag-768x298.png 768w\" sizes=\"auto, (max-width: 1173px) 100vw, 1173px\" \/><\/figure>\n<\/div>\n\n\n<p>La Conferencia de La Haya tiene actualmente 83 Miembros: 82 Estados y 1 Organizaci\u00f3n Regional de Integraci\u00f3n Econ\u00f3mica.<\/p>\n<p>Si su pa\u00eds, no est\u00e1 disponible, verifique si ratifica la legalizaci\u00f3n de Documentos como \u00abparte contratante\u00bb en <a href=\"https:\/\/www.hcch.net\/es\/states\/other-connected-parties\" target=\"_blank\" rel=\"noopener noreferrer\">el siguiente listado<\/a> <\/p>\n<h1>A<\/h1>\n<p><a href=\"https:\/\/www.hcch.net\/es\/states\/hcch-members\/details1\/?sid=18\" target=\"_blank\" rel=\"noopener noreferrer\">Albania<\/a><br><a href=\"https:\/\/www.hcch.net\/es\/states\/hcch-members\/details1\/?sid=41\" target=\"_blank\" rel=\"noopener noreferrer\">Alemania<\/a><br><a href=\"https:\/\/www.hcch.net\/es\/states\/hcch-members\/details1\/?sid=79\" target=\"_blank\" rel=\"noopener noreferrer\">Andorra<\/a><br><a href=\"https:\/\/www.hcch.net\/es\/states\/hcch-members\/details1\/?sid=268\" target=\"_blank\" rel=\"noopener noreferrer\">Arabia Saudita<\/a><br><a href=\"https:\/\/www.hcch.net\/es\/states\/hcch-members\/details1\/?sid=20\" target=\"_blank\" rel=\"noopener noreferrer\">Argentina<\/a><br><a href=\"https:\/\/www.hcch.net\/es\/states\/hcch-members\/details1\/?sid=81\" target=\"_blank\" rel=\"noopener noreferrer\">Armenia<\/a><br><a href=\"https:\/\/www.hcch.net\/es\/states\/hcch-members\/details1\/?sid=8\" target=\"_blank\" rel=\"noopener noreferrer\">Australia<\/a><br><a href=\"https:\/\/www.hcch.net\/es\/states\/hcch-members\/details1\/?sid=23\" target=\"_blank\" rel=\"noopener noreferrer\">Austria<\/a><br><a href=\"https:\/\/www.hcch.net\/es\/states\/hcch-members\/details1\/?sid=198\" target=\"_blank\" rel=\"noopener noreferrer\">Azerbaiy\u00e1n<\/a><\/p>\n<h1>B<\/h1>\n<div><a href=\"https:\/\/www.hcch.net\/es\/states\/hcch-members\/details1\/?sid=10\" target=\"_blank\" rel=\"noopener noreferrer\">Belar\u00fas<\/a><br><a href=\"https:\/\/www.hcch.net\/es\/states\/hcch-members\/details1\/?sid=24\" target=\"_blank\" rel=\"noopener noreferrer\">B\u00e9lgica<\/a><br><a href=\"https:\/\/www.hcch.net\/es\/states\/hcch-members\/details1\/?sid=26\" target=\"_blank\" rel=\"noopener noreferrer\">Bosnia y Herzegovina<\/a><br><a href=\"https:\/\/www.hcch.net\/es\/states\/hcch-members\/details1\/?sid=27\" target=\"_blank\" rel=\"noopener noreferrer\">Brasil<\/a><br><a href=\"https:\/\/www.hcch.net\/es\/states\/hcch-members\/details1\/?sid=7\" target=\"_blank\" rel=\"noopener noreferrer\">Bulgaria<\/a><br><a href=\"https:\/\/www.hcch.net\/es\/states\/hcch-members\/details1\/?sid=88\" target=\"_blank\" rel=\"noopener noreferrer\">Burkina Faso<\/a>\n<p>&nbsp;<\/p>\n<h1>C<\/h1>\n<p><a href=\"https:\/\/www.hcch.net\/es\/states\/hcch-members\/details1\/?sid=28\" target=\"_blank\" rel=\"noopener noreferrer\">Canad\u00e1<\/a><br><a href=\"https:\/\/www.hcch.net\/es\/states\/hcch-members\/details1\/?sid=29\" target=\"_blank\" rel=\"noopener noreferrer\">Chile<\/a><br><a href=\"https:\/\/www.hcch.net\/es\/states\/hcch-members\/details1\/?sid=30\" target=\"_blank\" rel=\"noopener noreferrer\">China, Rep\u00fablica Popular<\/a><br><a href=\"https:\/\/www.hcch.net\/es\/states\/hcch-members\/details1\/?sid=2\" target=\"_blank\" rel=\"noopener noreferrer\">Chipre<\/a><br><a href=\"https:\/\/www.hcch.net\/es\/states\/hcch-members\/details1\/?sid=48\" target=\"_blank\" rel=\"noopener noreferrer\">Corea, Rep\u00fablica de<\/a><br><a href=\"https:\/\/www.hcch.net\/es\/states\/hcch-members\/details1\/?sid=91\" target=\"_blank\" rel=\"noopener noreferrer\">Costa Rica<\/a><br><a href=\"https:\/\/www.hcch.net\/es\/states\/hcch-members\/details1\/?sid=31\" target=\"_blank\" rel=\"noopener noreferrer\">Croacia<\/a><\/p>\n<h1>D<\/h1>\n<p><a href=\"https:\/\/www.hcch.net\/es\/states\/hcch-members\/details1\/?sid=25\" target=\"_blank\" rel=\"noopener noreferrer\">Dinamarca<\/a><\/p>\n<h1>E<\/h1>\n<p><a href=\"https:\/\/www.hcch.net\/es\/states\/hcch-members\/details1\/?sid=92\" target=\"_blank\" rel=\"noopener noreferrer\">Ecuador<\/a><br><a href=\"https:\/\/www.hcch.net\/es\/states\/hcch-members\/details1\/?sid=33\" target=\"_blank\" rel=\"noopener noreferrer\">Egipto<\/a><br><a href=\"https:\/\/www.hcch.net\/es\/states\/hcch-members\/details1\/?sid=66\" target=\"_blank\" rel=\"noopener noreferrer\">Eslovaquia<\/a><br><a href=\"https:\/\/www.hcch.net\/es\/states\/hcch-members\/details1\/?sid=67\" target=\"_blank\" rel=\"noopener noreferrer\">Eslovenia<\/a><br><a href=\"https:\/\/www.hcch.net\/es\/states\/hcch-members\/details1\/?sid=69\" target=\"_blank\" rel=\"noopener noreferrer\">Espa\u00f1a<\/a><br><a href=\"https:\/\/www.hcch.net\/es\/states\/hcch-members\/details1\/?sid=76\" target=\"_blank\" rel=\"noopener noreferrer\">Estados Unidos de Am\u00e9rica<\/a><br><a href=\"https:\/\/www.hcch.net\/es\/states\/hcch-members\/details1\/?sid=34\" target=\"_blank\" rel=\"noopener noreferrer\">Estonia<\/a><br><a href=\"https:\/\/www.hcch.net\/es\/states\/hcch-members\/details1\/?sid=38\" target=\"_blank\" rel=\"noopener noreferrer\">Ex &#8211; Rep\u00fablica Yugoslava de Macedonia<\/a><\/p>\n<h1>F<\/h1>\n<p><a href=\"https:\/\/www.hcch.net\/es\/states\/hcch-members\/details1\/?sid=121\" target=\"_blank\" rel=\"noopener noreferrer\">Filipinas<\/a><br><a href=\"https:\/\/www.hcch.net\/es\/states\/hcch-members\/details1\/?sid=35\" target=\"_blank\" rel=\"noopener noreferrer\">Finlandia<\/a><br><a href=\"https:\/\/www.hcch.net\/es\/states\/hcch-members\/details1\/?sid=39\" target=\"_blank\" rel=\"noopener noreferrer\">Francia<\/a><\/p>\n<h1>G<\/h1>\n<p><a href=\"https:\/\/www.hcch.net\/es\/states\/hcch-members\/details1\/?sid=40\" target=\"_blank\" rel=\"noopener noreferrer\">Georgia<\/a><br><a href=\"https:\/\/www.hcch.net\/es\/states\/hcch-members\/details1\/?sid=42\" target=\"_blank\" rel=\"noopener noreferrer\">Grecia<\/a><\/p>\n<h1>H<\/h1>\n<p><a href=\"https:\/\/www.hcch.net\/es\/states\/hcch-members\/details1\/?sid=43\" target=\"_blank\" rel=\"noopener noreferrer\">Hungr\u00eda<\/a><\/p>\n<h1>I<\/h1>\n<p><a href=\"https:\/\/www.hcch.net\/es\/states\/hcch-members\/details1\/?sid=101\" target=\"_blank\" rel=\"noopener noreferrer\">India<\/a><br><a href=\"https:\/\/www.hcch.net\/es\/states\/hcch-members\/details1\/?sid=44\" target=\"_blank\" rel=\"noopener noreferrer\">Irlanda<\/a><br><a href=\"https:\/\/www.hcch.net\/es\/states\/hcch-members\/details1\/?sid=100\" target=\"_blank\" rel=\"noopener noreferrer\">Islandia<\/a><br><a href=\"https:\/\/www.hcch.net\/es\/states\/hcch-members\/details1\/?sid=45\" target=\"_blank\" rel=\"noopener noreferrer\">Israel<\/a><br><a href=\"https:\/\/www.hcch.net\/es\/states\/hcch-members\/details1\/?sid=46\" target=\"_blank\" rel=\"noopener noreferrer\">Italia<\/a><\/p>\n<h1>J<\/h1>\n<p><a href=\"https:\/\/www.hcch.net\/es\/states\/hcch-members\/details1\/?sid=47\" target=\"_blank\" rel=\"noopener noreferrer\">Jap\u00f3n<\/a><br><a href=\"https:\/\/www.hcch.net\/es\/states\/hcch-members\/details1\/?sid=11\" target=\"_blank\" rel=\"noopener noreferrer\">Jordania<\/a><\/p>\n<h1>K<\/h1>\n<p><a href=\"https:\/\/www.hcch.net\/es\/states\/hcch-members\/details1\/?sid=102\" target=\"_blank\" rel=\"noopener noreferrer\">Kazajst\u00e1n<\/a><\/p>\n<h1>L<\/h1>\n<p><a href=\"https:\/\/www.hcch.net\/es\/states\/hcch-members\/details1\/?sid=49\" target=\"_blank\" rel=\"noopener noreferrer\">Letonia<\/a><br><a href=\"https:\/\/www.hcch.net\/es\/states\/hcch-members\/details1\/?sid=50\" target=\"_blank\" rel=\"noopener noreferrer\">Lituania<\/a><br><a href=\"https:\/\/www.hcch.net\/es\/states\/hcch-members\/details1\/?sid=51\" target=\"_blank\" rel=\"noopener noreferrer\">Luxemburgo<\/a><\/p>\n<h1>M<\/h1>\n<p><a href=\"https:\/\/www.hcch.net\/es\/states\/hcch-members\/details1\/?sid=52\" target=\"_blank\" rel=\"noopener noreferrer\">Malasia<\/a><br><a href=\"https:\/\/www.hcch.net\/es\/states\/hcch-members\/details1\/?sid=53\" target=\"_blank\" rel=\"noopener noreferrer\">Malta<\/a><br><a href=\"https:\/\/www.hcch.net\/es\/states\/hcch-members\/details1\/?sid=56\" target=\"_blank\" rel=\"noopener noreferrer\">Marruecos<\/a><br><a href=\"https:\/\/www.hcch.net\/es\/states\/hcch-members\/details1\/?sid=111\" target=\"_blank\" rel=\"noopener noreferrer\">Mauricio<\/a><br><a href=\"https:\/\/www.hcch.net\/es\/states\/hcch-members\/details1\/?sid=54\" target=\"_blank\" rel=\"noopener noreferrer\">M\u00e9xico<\/a><br><a href=\"https:\/\/www.hcch.net\/es\/states\/hcch-members\/details1\/?sid=55\" target=\"_blank\" rel=\"noopener noreferrer\">M\u00f3naco<\/a><br><a href=\"https:\/\/www.hcch.net\/es\/states\/hcch-members\/details1\/?sid=219\" target=\"_blank\" rel=\"noopener noreferrer\">Montenegro<\/a><\/p>\n<h1>N<\/h1>\n<p><a href=\"https:\/\/www.hcch.net\/es\/states\/hcch-members\/details1\/?sid=58\" target=\"_blank\" rel=\"noopener noreferrer\">Noruega<\/a><br><a href=\"https:\/\/www.hcch.net\/es\/states\/hcch-members\/details1\/?sid=57\" target=\"_blank\" rel=\"noopener noreferrer\">Nueva Zelandia<\/a><\/p>\n<h1>P<\/h1>\n<p><a href=\"https:\/\/www.hcch.net\/es\/states\/hcch-members\/details1\/?sid=3\" target=\"_blank\" rel=\"noopener noreferrer\">Pa\u00edses Bajos<\/a><br><a href=\"https:\/\/www.hcch.net\/es\/states\/hcch-members\/details1\/?sid=59\" target=\"_blank\" rel=\"noopener noreferrer\">Panam\u00e1<\/a><br><a href=\"https:\/\/www.hcch.net\/es\/states\/hcch-members\/details1\/?sid=120\" target=\"_blank\" rel=\"noopener noreferrer\">Paraguay<\/a><br><a href=\"https:\/\/www.hcch.net\/es\/states\/hcch-members\/details1\/?sid=60\" target=\"_blank\" rel=\"noopener noreferrer\">Per\u00fa<\/a><br><a href=\"https:\/\/www.hcch.net\/es\/states\/hcch-members\/details1\/?sid=61\" target=\"_blank\" rel=\"noopener noreferrer\">Polonia<\/a><br><a href=\"https:\/\/www.hcch.net\/es\/states\/hcch-members\/details1\/?sid=62\" target=\"_blank\" rel=\"noopener noreferrer\">Portugal<\/a><\/p>\n<h1>R<\/h1>\n<p><a href=\"https:\/\/www.hcch.net\/es\/states\/hcch-members\/details1\/?sid=75\" target=\"_blank\" rel=\"noopener noreferrer\">Reino Unido de Gran Breta\u00f1a e Irlanda del Norte <\/a><br><a href=\"https:\/\/www.hcch.net\/es\/states\/hcch-members\/details1\/?sid=32\" target=\"_blank\" rel=\"noopener noreferrer\">Rep\u00fablica Checa<\/a><br><a href=\"https:\/\/www.hcch.net\/es\/states\/hcch-members\/details1\/?sid=112\" target=\"_blank\" rel=\"noopener noreferrer\">Rep\u00fablica de Moldova<\/a><br><a href=\"https:\/\/www.hcch.net\/es\/states\/hcch-members\/details1\/?sid=63\" target=\"_blank\" rel=\"noopener noreferrer\">Rumania<\/a><br><a href=\"https:\/\/www.hcch.net\/es\/states\/hcch-members\/details1\/?sid=64\" target=\"_blank\" rel=\"noopener noreferrer\">Rusia, Federaci\u00f3n de<\/a><\/p>\n<h1>S<\/h1>\n<p><a href=\"https:\/\/www.hcch.net\/es\/states\/hcch-members\/details1\/?sid=65\" target=\"_blank\" rel=\"noopener noreferrer\">Serbia<\/a><br><a href=\"https:\/\/www.hcch.net\/es\/states\/hcch-members\/details1\/?sid=128\" target=\"_blank\" rel=\"noopener noreferrer\">Singapur<\/a><br><a href=\"https:\/\/www.hcch.net\/es\/states\/hcch-members\/details1\/?sid=70\" target=\"_blank\" rel=\"noopener noreferrer\">Sri Lanka<\/a><br><a href=\"https:\/\/www.hcch.net\/es\/states\/hcch-members\/details1\/?sid=68\" target=\"_blank\" rel=\"noopener noreferrer\">Sud\u00e1frica<\/a><br><a href=\"https:\/\/www.hcch.net\/es\/states\/hcch-members\/details1\/?sid=72\" target=\"_blank\" rel=\"noopener noreferrer\">Suecia<\/a><br><a href=\"https:\/\/www.hcch.net\/es\/states\/hcch-members\/details1\/?sid=73\" target=\"_blank\" rel=\"noopener noreferrer\">Suiza<\/a><br><a href=\"https:\/\/www.hcch.net\/es\/states\/hcch-members\/details1\/?sid=71\" target=\"_blank\" rel=\"noopener noreferrer\">Suriname<\/a><\/p>\n<h1>T<\/h1>\n<p><a href=\"https:\/\/www.hcch.net\/es\/states\/hcch-members\/details1\/?sid=262\" target=\"_blank\" rel=\"noopener noreferrer\">T\u00fanez<\/a><br><a href=\"https:\/\/www.hcch.net\/es\/states\/hcch-members\/details1\/?sid=74\" target=\"_blank\" rel=\"noopener noreferrer\">Turqu\u00eda<\/a><\/p>\n<h1>U<\/h1>\n<p><a href=\"https:\/\/www.hcch.net\/es\/states\/hcch-members\/details1\/?sid=134\" target=\"_blank\" rel=\"noopener noreferrer\">Ucrania<\/a><br><a href=\"https:\/\/www.hcch.net\/es\/states\/hcch-members\/details1\/?sid=220\" target=\"_blank\" rel=\"noopener noreferrer\">Uni\u00f3n Europea<\/a><br><a href=\"https:\/\/www.hcch.net\/es\/states\/hcch-members\/details1\/?sid=77\" target=\"_blank\" rel=\"noopener noreferrer\">Uruguay<\/a><\/p>\n<h1>V<\/h1>\n<p><a href=\"https:\/\/www.hcch.net\/es\/states\/hcch-members\/details1\/?sid=78\" target=\"_blank\" rel=\"noopener noreferrer\">Venezuela<\/a><br><a href=\"https:\/\/www.hcch.net\/es\/states\/hcch-members\/details1\/?sid=230\" target=\"_blank\" rel=\"noopener noreferrer\">VietNam<\/a><\/p>\n<h1>Z<\/h1>\n<p><a href=\"https:\/\/www.hcch.net\/es\/states\/hcch-members\/details1\/?sid=259\" target=\"_blank\" rel=\"noopener noreferrer\">Zambia<\/a><\/p>\n<\/div>\n","protected":false},"excerpt":{"rendered":"<p>La Conferencia de La Haya tiene actualmente 83 Miembros: 82 Estados y 1 Organizaci\u00f3n Regional de Integraci\u00f3n Econ\u00f3mica. Si su pa\u00eds, no est\u00e1 disponible, verifique si ratifica la legalizaci\u00f3n de Documentos como \u00abparte contratante\u00bb en el siguiente listado A AlbaniaAlemaniaAndorraArabia SauditaArgentinaArmeniaAustraliaAustriaAzerbaiy\u00e1n B Belar\u00fasB\u00e9lgicaBosnia y HerzegovinaBrasilBulgariaBurkina Faso &nbsp; C Canad\u00e1ChileChina, Rep\u00fablica PopularChipreCorea, Rep\u00fablica deCosta RicaCroacia D Dinamarca E EcuadorEgiptoEslovaquiaEsloveniaEspa\u00f1aEstados Unidos de Am\u00e9ricaEstoniaEx &#8211; Rep\u00fablica Yugoslava de Macedonia F FilipinasFinlandiaFrancia G GeorgiaGrecia H Hungr\u00eda I IndiaIrlandaIslandiaIsraelItalia J Jap\u00f3nJordania K Kazajst\u00e1n L LetoniaLituaniaLuxemburgo&hellip;<\/p>\n","protected":false},"author":1,"featured_media":5390,"parent":0,"menu_order":0,"comment_status":"closed","ping_status":"closed","template":"","meta":{"_joinchat":[],"footnotes":""},"class_list":["post-5387","page","type-page","status-publish","has-post-thumbnail","hentry","post-has-thumbnail"],"_links":{"self":[{"href":"https:\/\/ciu-edu.org\/index.php?rest_route=\/wp\/v2\/pages\/5387","targetHints":{"allow":["GET"]}}],"collection":[{"href":"https:\/\/ciu-edu.org\/index.php?rest_route=\/wp\/v2\/pages"}],"about":[{"href":"https:\/\/ciu-edu.org\/index.php?rest_route=\/wp\/v2\/types\/page"}],"author":[{"embeddable":true,"href":"https:\/\/ciu-edu.org\/index.php?rest_route=\/wp\/v2\/users\/1"}],"replies":[{"embeddable":true,"href":"https:\/\/ciu-edu.org\/index.php?rest_route=%2Fwp%2Fv2%2Fcomments&post=5387"}],"version-history":[{"count":7,"href":"https:\/\/ciu-edu.org\/index.php?rest_route=\/wp\/v2\/pages\/5387\/revisions"}],"predecessor-version":[{"id":6420,"href":"https:\/\/ciu-edu.org\/index.php?rest_route=\/wp\/v2\/pages\/5387\/revisions\/6420"}],"wp:featuredmedia":[{"embeddable":true,"href":"https:\/\/ciu-edu.org\/index.php?rest_route=\/wp\/v2\/media\/5390"}],"wp:attachment":[{"href":"https:\/\/ciu-edu.org\/index.php?rest_route=%2Fwp%2Fv2%2Fmedia&parent=5387"}],"curies":[{"name":"wp","href":"https:\/\/api.w.org\/{rel}","templated":true}]}}