{"id":5371,"date":"2021-11-26T08:35:55","date_gmt":"2021-11-26T08:35:55","guid":{"rendered":"https:\/\/ciu-edu.org\/?page_id=5371"},"modified":"2025-12-15T11:48:35","modified_gmt":"2025-12-15T10:48:35","slug":"tpv-%c2%b7-pasarela-de-pago-electronico","status":"publish","type":"page","link":"https:\/\/ciu-edu.org\/?page_id=5371","title":{"rendered":"TPV \u00b7 Pasarela de Pago Electr\u00f3nico"},"content":{"rendered":"<div class=\"wp-block-image\">\n<figure class=\"aligncenter\"><img loading=\"lazy\" decoding=\"async\" width=\"776\" height=\"279\" src=\"https:\/\/ciu-edu.org\/wp-content\/uploads\/2022\/03\/tpv_virtual.png\" alt=\"\" class=\"wp-image-5985\" srcset=\"https:\/\/ciu-edu.org\/wp-content\/uploads\/2022\/03\/tpv_virtual.png 776w, https:\/\/ciu-edu.org\/wp-content\/uploads\/2022\/03\/tpv_virtual-300x108.png 300w, https:\/\/ciu-edu.org\/wp-content\/uploads\/2022\/03\/tpv_virtual-768x276.png 768w\" sizes=\"auto, (max-width: 776px) 100vw, 776px\" \/><\/figure>\n<\/div>\n\n\n<hr class=\"wp-block-separator has-alpha-channel-opacity is-style-dots\"\/>\n\n\n\n<p id=\"block-a2003d0b-5c83-4843-9ad3-5a88a9c5e03f\">Est\u00e1 usted utilizando el Sistema de Pago Electr\u00f3nico basado en TPV, de CIU Cambridge International University. <\/p>\n\n\n\n<p id=\"block-7a003b30-26b4-4b4f-8c93-8e3082f4ba6c\">El procedimiento, es muy sencillo.<\/p>\n\n\n\n<p id=\"block-1daf9f1d-5be0-4582-9adf-5c9f817fb714\">Ante de comenzar, debe conocer las Tasas Acad\u00e9micas y Administrativas a cancelar, y para ello,<strong> localice el apartado correspondiente, en el Dossier Informativo<\/strong> del Programa. <strong>Seleccione la modalidad, \u00abal contado\u00bb o \u00abfraccionada\u00bb<\/strong> (apartado \u201cTasas Acad\u00e9micas y Administrativas\u201d). <strong>Esta informaci\u00f3n, es accesible desde esta web o bien, recibida v\u00eda correo electr\u00f3nico<\/strong>.<\/p>\n\n\n\n<p id=\"block-e241b65f-a658-486e-8d24-62a142174638\"><strong>Si usted es, estudiante internacional, utilice las tasas indicadas en euros <\/strong>en el formulario, y se realizar\u00e1 la conversi\u00f3n autom\u00e1tica, desde su moneda local, seg\u00fan los <a href=\"https:\/\/ciu-edu.org\/?page_id=2894\" target=\"_blank\" rel=\"noreferrer noopener\">cambios de divisa oficiales<\/a>.<\/p>\n\n\n\n<p id=\"block-e241b65f-a658-486e-8d24-62a142174638\"><strong>Para operar desde el TPV, siga los pasos siguientes. <\/strong><\/p>\n\n\n\n<ol class=\"wp-block-list\">\n<li><strong>En la primera casilla, introduzca la cantidad<\/strong>, <strong>tal cual se expone en el dossier informativo<\/strong>. <strong>Por ejemplo, <\/strong>si el Dossier Informativo indica un pago al contado de UE\u20ac 1.350, usted<strong> debe escribir la cantidad num\u00e9rica, sin utilizar puntos o comas o s\u00edmbolos de moneda: 1350<\/strong>.<\/li>\n\n\n\n<li><strong>Al pulsar el bot\u00f3n,<\/strong> <strong>el sistema a\u00f1adir\u00e1 las unidades autom\u00e1ticamente<\/strong>. Se realizar\u00e1 una re-direcci\u00f3n y entrada directa al servidor del la entidad bancaria.<\/li>\n\n\n\n<li>Al pulsar el bot\u00f3n \u00abPagar\u00bb puede visualizar <strong>una segunda ventana que indicar\u00e1 si la operaci\u00f3n se realiz\u00f3 <\/strong>correctamente o no.<\/li>\n<\/ol>\n\n\n\n<p id=\"block-e241b65f-a658-486e-8d24-62a142174638\"><strong>Si la operaci\u00f3n es correcta <\/strong>env\u00ede el Comprobante o un Aviso de Operaci\u00f3n Realizada desde el <a href=\"https:\/\/ciu-edu.org\/?p=1959\">Formulario de Contacto<\/a>.<\/p>\n\n\n\n<p id=\"block-db1bbf83-8416-45fb-acfa-cacc758a6067\">Ante cualquier consulta o soporte, respecto al procedimiento de pago, contacte con el Dto. de Informaci\u00f3n, mediante nuestro <a href=\"https:\/\/web.whatsapp.com\/send?phone=+34670612202&amp;text=Hola,%20deseo%20comunicarme%20con%20el%20Departamento%20de%20Informacion%20de%20CIU\" target=\"_blank\" rel=\"noreferrer noopener\">Canal de WhatsApp<\/a> o utilizando el <a href=\"https:\/\/ciu-edu.org\/?p=1959\">Formulario de Contacto R\u00e1pido<\/a>.<\/p>\n\n\n\n<figure class=\"wp-block-table is-style-stripes\"><table class=\"has-white-background-color has-background has-fixed-layout\"><tbody><tr><td class=\"has-text-align-center\" data-align=\"center\"><script async=\"\" src=\"https:\/\/js.stripe.com\/v3\/buy-button.js\">\n<\/script>\n\n<stripe-buy-button buy-button-id=\"buy_btn_1OryUMH1WN9AsZoeXVlasSQY\" publishable-key=\"pk_live_51OjarhH1WN9AsZoeG7tA6ThoIZv5lNsmryZ2DlWhzVYWXyT84UpXRZfBdR7DXO4T7HZF4LBeZAhfAov0AwaymciL00W52SLkMj\">\n<\/stripe-buy-button><\/td><td class=\"has-text-align-center\" data-align=\"center\"><figure class=\"wp-block-image size-full\"><img loading=\"lazy\" decoding=\"async\" width=\"225\" height=\"50\" src=\"https:\/\/ciu-edu.org\/wp-content\/uploads\/2024\/07\/tipo_tpv.png\" alt=\"\" class=\"wp-image-8331\"><\/figure><\/td><\/tr><\/tbody><\/table><\/figure>\n","protected":false},"excerpt":{"rendered":"<p>Est\u00e1 usted utilizando el Sistema de Pago Electr\u00f3nico basado en TPV, de CIU Cambridge International University. El procedimiento, es muy sencillo. Ante de comenzar, debe conocer las Tasas Acad\u00e9micas y Administrativas a cancelar, y para ello, localice el apartado correspondiente, en el Dossier Informativo del Programa. Seleccione la modalidad, \u00abal contado\u00bb o \u00abfraccionada\u00bb (apartado \u201cTasas Acad\u00e9micas y Administrativas\u201d). Esta informaci\u00f3n, es accesible desde esta web o bien, recibida v\u00eda correo electr\u00f3nico. Si usted es, estudiante internacional, utilice las tasas indicadas&hellip;<\/p>\n","protected":false},"author":1,"featured_media":2487,"parent":0,"menu_order":0,"comment_status":"closed","ping_status":"closed","template":"","meta":{"_joinchat":[],"footnotes":""},"class_list":["post-5371","page","type-page","status-publish","has-post-thumbnail","hentry","post-has-thumbnail"],"_links":{"self":[{"href":"https:\/\/ciu-edu.org\/index.php?rest_route=\/wp\/v2\/pages\/5371","targetHints":{"allow":["GET"]}}],"collection":[{"href":"https:\/\/ciu-edu.org\/index.php?rest_route=\/wp\/v2\/pages"}],"about":[{"href":"https:\/\/ciu-edu.org\/index.php?rest_route=\/wp\/v2\/types\/page"}],"author":[{"embeddable":true,"href":"https:\/\/ciu-edu.org\/index.php?rest_route=\/wp\/v2\/users\/1"}],"replies":[{"embeddable":true,"href":"https:\/\/ciu-edu.org\/index.php?rest_route=%2Fwp%2Fv2%2Fcomments&post=5371"}],"version-history":[{"count":16,"href":"https:\/\/ciu-edu.org\/index.php?rest_route=\/wp\/v2\/pages\/5371\/revisions"}],"predecessor-version":[{"id":9688,"href":"https:\/\/ciu-edu.org\/index.php?rest_route=\/wp\/v2\/pages\/5371\/revisions\/9688"}],"wp:featuredmedia":[{"embeddable":true,"href":"https:\/\/ciu-edu.org\/index.php?rest_route=\/wp\/v2\/media\/2487"}],"wp:attachment":[{"href":"https:\/\/ciu-edu.org\/index.php?rest_route=%2Fwp%2Fv2%2Fmedia&parent=5371"}],"curies":[{"name":"wp","href":"https:\/\/api.w.org\/{rel}","templated":true}]}}