{"id":5354,"date":"2021-11-25T19:53:31","date_gmt":"2021-11-25T19:53:31","guid":{"rendered":"https:\/\/ciu-edu.org\/?page_id=5354"},"modified":"2026-01-27T08:23:53","modified_gmt":"2026-01-27T07:23:53","slug":"informacion-sobre-doctor-honoris-causae","status":"publish","type":"page","link":"https:\/\/ciu-edu.org\/?page_id=5354","title":{"rendered":"Informaci\u00f3n sobre Doctor Honoris Caus\u00e6"},"content":{"rendered":"<div class=\"wp-block-image\">\n<figure class=\"aligncenter size-full is-resized\"><img loading=\"lazy\" decoding=\"async\" width=\"1173\" height=\"455\" src=\"https:\/\/ciu-edu.org\/wp-content\/uploads\/2021\/12\/honor_causa_phd.png\" alt=\"\" class=\"wp-image-5456\" style=\"width:1173px\" srcset=\"https:\/\/ciu-edu.org\/wp-content\/uploads\/2021\/12\/honor_causa_phd.png 1173w, https:\/\/ciu-edu.org\/wp-content\/uploads\/2021\/12\/honor_causa_phd-300x116.png 300w, https:\/\/ciu-edu.org\/wp-content\/uploads\/2021\/12\/honor_causa_phd-1024x397.png 1024w, https:\/\/ciu-edu.org\/wp-content\/uploads\/2021\/12\/honor_causa_phd-768x298.png 768w\" sizes=\"auto, (max-width: 1173px) 100vw, 1173px\" \/><\/figure>\n<\/div>\n\n\n<hr class=\"wp-block-separator aligncenter has-alpha-channel-opacity is-style-dots\"\/>\n\n\n\n<p>Doctor Honoris Causa (o caus\u00e6) es \u00abpor causa de honor\u00bb, una cualidad que conduce a uno al cumplimiento de sus deberes, respeto a sus semejantes y a s\u00ed mismo, es la buena reputaci\u00f3n que sigue a la virtud, al m\u00e9rito o a las acciones de servicio, las cuales trascienden a las familias, personas, instituciones y las acciones mismas que se reconocen. Es un alto honor para personas de testimonio social, reconocido e intachable. En la mayor\u00eda de los casos, esta locuci\u00f3n es antecedida por el t\u00e9rmino maestro o doctor.<\/p>\n\n\n\n<p>Es la m\u00e1xima distinci\u00f3n que la Cambridge International University concede a una persona en reconocimiento a su trayectoria cient\u00edfica, human\u00edstica y en general de unos valores que se identifican con el esp\u00edritu y la esencia de la instituci\u00f3n universitaria. Este t\u00edtulo honor\u00edfico se concede a personas eminentes, que se han destacado en ciertos \u00e1mbitos profesionales que no son necesariamente licenciados en una carrera; Un doctor honoris causa recibe el mismo tratamiento y privilegios que aquellos que obtengan su doctorado acad\u00e9mico de forma convencional, a menos que se especifique lo contrario.<\/p>\n\n\n\n<p><strong>Para que una propuesta pueda ser admitida a tr\u00e1mite por el Comit\u00e9 Acad\u00e9mico de Evaluaci\u00f3n, deber\u00e1 reunir los siguientes requisitos:<\/strong><\/p>\n\n\n\n<p><strong>a)<\/strong> Estar acompa\u00f1ada de una memoria justificativa de los m\u00e9ritos acad\u00e9micos, cient\u00edficos, art\u00edsticos, literarios, culturales o sociales del candidato y la indicaci\u00f3n expresa de uno de los grandes campos del saber (Ciencias Experimentales y de la Salud, Humanidades, Ciencias Sociales y Jur\u00eddicas, Humanidades y Ense\u00f1anzas T\u00e9cnicas) por el que se propone.<\/p>\n\n\n\n<p><strong>b)<\/strong> La solicitud puede ser propuesta, por el propio individuo, por terceros o por una Junta de Centro o de un Consejo de Instituto Universitario. Para este ultimo, se requerir\u00e1 el voto favorable de la mayor\u00eda absoluta, de los miembros. <\/p>\n\n\n\n<p><strong>c) <\/strong>Para iniciar la Soclitud, deber\u00e1 remitirse la <a rel=\"noreferrer noopener\" href=\"https:\/\/ciu-edu.org\/?page_id=5355\" target=\"_blank\">Solicitud Electr\u00f3nica<\/a>, y mantenerse a la espera de recibir comunicaci\u00f3n.<\/p>\n\n\n\n<p>Toda la documentaci\u00f3n ser\u00e1 recibida y valorada, por los Miembros del Comit\u00e9 Acad\u00e9mico Internacional. Las propuestas que re\u00fanan los requisitos anteriores, se estudiar\u00e1n por el Consejo Asesor del Comit\u00e9 Acad\u00e9mico. Las propuestas informadas favorablemente por el Consejo Asesor del Comit\u00e9 Acad\u00e9mico, ser\u00e1n elevadas a la Junta de Gobierno para su debate y aprobaci\u00f3n. El representante de la Junta de Gobierno, emitir\u00e1 un informe escrito, de la decisi\u00f3n final a usted.<\/p>\n\n\n\n<p><strong>Correo electr\u00f3nico:<\/strong> Comun\u00edquese, utilizando el <a href=\"https:\/\/www.ciu-edu.org\/?p=349\" data-type=\"URL\" data-id=\"https:\/\/www.ciu-edu.org\/?p=349\" target=\"_blank\" rel=\"noreferrer noopener\">formulario de contacto.<\/a><\/p>\n\n\n\n<p><strong>(Anotaci\u00f3n) <\/strong>El <a rel=\"noreferrer noopener\" href=\"https:\/\/ciu-edu.org\/?page_id=5355\" target=\"_blank\">Formulario Electr\u00f3nico de Solicitud<\/a>, incluye un recurso de env\u00edo documental. Si por alg\u00fan motivo, usted requiere de env\u00edo de documentos, posteriormente a la solicitud, <a rel=\"noreferrer noopener\" href=\"https:\/\/www.ciu-edu.org\/?p=2075\" target=\"_blank\">utilice este recurso.<\/a><\/p>\n\n\n\n<p>La posesi\u00f3n de este galard\u00f3n, supone un prestigioso reconocimiento internacional, de cara a las fundaciones, empresas, como profesional, que ha contribuido, en gran medida, al progreso de la Humanidad.<\/p>\n\n\n\n<p>El nombramiento de Doctor Honoris Causa le da derecho a la recepci\u00f3n de los siguientes distintivos:<\/p>\n\n\n\n<p>\u2022 Doctor Honoris Causa de CIU Cambridge International University.<br>\u2022 C\u00f3digo de Registro Certificado mediante Notar\u00eda Internacional y Legalizaci\u00f3n, (seg\u00fan corresponda al pa\u00eds de destino).<\/p>\n\n\n\n<p>Este nombramiento es de car\u00e1cter personal, no pudiendo ser transferido a otras personas o empresas.<\/p>\n\n\n\n<p class=\"has-black-color has-text-color\"><strong>Las Tasas de Extensi\u00f3n, Certificado, Registro y Legalizaci\u00f3n Internacional: <\/strong>900 UE\u20ac <strong>*<\/strong><\/p>\n\n\n\n<p class=\"has-small-font-size\">*Las Tasas de Extensi\u00f3n, Certificado, Registro y Legalizaci\u00f3n Internacional, destinar\u00e1 un porcentaje econ\u00f3mico, a Acci\u00f3n Social, formando parte de las ayudas y subvenciones aplicables a terceros. Independientemente, de esta acci\u00f3n social, usted puede presentar, de forma independiente, su propia participaci\u00f3n mediante donaciones \u00fanicas o suscripciones.<\/p>\n\n\n\n<p><strong>Una vez realizado el ingreso bancario, o electr\u00f3nico,<\/strong> remita aviso o digitalizaci\u00f3n del comprobante desde <a rel=\"noreferrer noopener\" href=\"https:\/\/www.ciu-edu.org\/?p=2075\" target=\"_blank\">https:\/\/www.ciu-edu.org\/?p=2075<\/a><\/p>\n\n\n\n<h2 class=\"wp-block-heading has-black-color has-text-color\"><strong>OPCIONALES:<\/strong><\/h2>\n\n\n\n<h3 class=\"wp-block-heading has-black-color has-text-color\"><strong>Legalizaci\u00f3n de Documentaci\u00f3n:<\/strong><\/h3>\n\n\n\n<p><strong>Legalizaciones: <\/strong>Algunas solicitudes requieren ser legalizadas <strong>V\u00eda Consular<\/strong> (<a rel=\"noreferrer noopener\" href=\"https:\/\/ciu-edu.org\/?page_id=5387\" data-type=\"page\" data-id=\"5387\" target=\"_blank\">Seg\u00fan pa\u00eds de destino<\/a>):<\/p>\n\n\n\n<p>\u2022 <strong>Apostilla de la Haya: <\/strong>150 UE\u20ac. Para los pa\u00edses NO firmantes del Convenio de la Haya, se le notificar\u00e1 que debe solicitar Legalizaci\u00f3n V\u00eda Consular.<br>\u2022 <strong>V\u00eda Consular, Ministerio de Asuntos Exteriores y Ministerio de Justicia: <\/strong>500 \u20ac<\/p>\n\n\n\n<h3 class=\"wp-block-heading has-black-color has-text-color\"><strong>Env\u00edo de la Documentaci\u00f3n:<\/strong><\/h3>\n\n\n\n<p><strong>Env\u00edo Postal y Electr\u00f3nico: <\/strong>Usted recibir\u00e1 su documentaci\u00f3n, en dos formatos, impreso por correo postal, y electr\u00f3nico por correo electr\u00f3nico. Para ellos es importante facilitar la direcci\u00f3n postal y electr\u00f3nica correctamente, evitando devoluciones, y recargos econ\u00f3micos por re-env\u00edo.<\/p>\n\n\n\n<p><strong>Env\u00edo Electr\u00f3nico: <\/strong>Recibida la Documentaci\u00f3n, y antes del env\u00edo postal, se digitalizar\u00e1 en Alta Resoluci\u00f3n, formato PDF, facilitando a usted la direcci\u00f3n de acceso al servidor, para su visualizaci\u00f3n, impresi\u00f3n o descarga..<\/p>\n\n\n\n<p>Env\u00edo Postal Certificado: Incluido en las Tasas Administrativas, indicadas anteriormente. Se facilita c\u00f3digo de geolocalizaci\u00f3n.<\/p>\n\n\n\n<p><strong>Env\u00edo Certificado por Agencia Privada de Transporte: <\/strong>Requiere cancelar las siguientes <strong>Tasas Administrativas: <\/strong>100 UE\u20ac. Se facilita c\u00f3digo de geolocalizaci\u00f3n.<\/p>\n\n\n\n<p>Todos los tr\u00e1mites se acogen al <a href=\"https:\/\/ciu-edu.org\/?page_id=6432\" data-type=\"page\" data-id=\"6432\" target=\"_blank\" rel=\"noreferrer noopener\">tiempo estipulado para las gestiones documentales<\/a> y entrega: 190 d\u00edas h\u00e1biles.<\/p>\n\n\n\n<h3 class=\"wp-block-heading has-black-color has-text-color\"><strong>Participaciones y Donaciones:<\/strong><\/h3>\n\n\n\n<p><strong>Donaciones: <\/strong>De forma <em>opcional<\/em>, puede aportar su donaci\u00f3n, a proyectos de investigaci\u00f3n, o a programas de desarrollo acad\u00e9mico destinado a sectores espec\u00edficos, y de acci\u00f3n social. Incluya sus Donaciones, junto a las tasas administrativas requeridas o de forma independiente, <a rel=\"noreferrer noopener\" href=\"https:\/\/paypal.me\/ciupay\" target=\"_blank\">pulsando aqu\u00ed<\/a>.<\/p>\n","protected":false},"excerpt":{"rendered":"<p>Doctor Honoris Causa (o caus\u00e6) es \u00abpor causa de honor\u00bb, una cualidad que conduce a uno al cumplimiento de sus deberes, respeto a sus semejantes y a s\u00ed mismo, es la buena reputaci\u00f3n que sigue a la virtud, al m\u00e9rito o a las acciones de servicio, las cuales trascienden a las familias, personas, instituciones y las acciones mismas que se reconocen. Es un alto honor para personas de testimonio social, reconocido e intachable. En la mayor\u00eda de los casos, esta&hellip;<\/p>\n","protected":false},"author":1,"featured_media":2563,"parent":0,"menu_order":0,"comment_status":"closed","ping_status":"closed","template":"","meta":{"_joinchat":[],"footnotes":""},"class_list":["post-5354","page","type-page","status-publish","has-post-thumbnail","hentry","post-has-thumbnail"],"_links":{"self":[{"href":"https:\/\/ciu-edu.org\/index.php?rest_route=\/wp\/v2\/pages\/5354","targetHints":{"allow":["GET"]}}],"collection":[{"href":"https:\/\/ciu-edu.org\/index.php?rest_route=\/wp\/v2\/pages"}],"about":[{"href":"https:\/\/ciu-edu.org\/index.php?rest_route=\/wp\/v2\/types\/page"}],"author":[{"embeddable":true,"href":"https:\/\/ciu-edu.org\/index.php?rest_route=\/wp\/v2\/users\/1"}],"replies":[{"embeddable":true,"href":"https:\/\/ciu-edu.org\/index.php?rest_route=%2Fwp%2Fv2%2Fcomments&post=5354"}],"version-history":[{"count":14,"href":"https:\/\/ciu-edu.org\/index.php?rest_route=\/wp\/v2\/pages\/5354\/revisions"}],"predecessor-version":[{"id":9764,"href":"https:\/\/ciu-edu.org\/index.php?rest_route=\/wp\/v2\/pages\/5354\/revisions\/9764"}],"wp:featuredmedia":[{"embeddable":true,"href":"https:\/\/ciu-edu.org\/index.php?rest_route=\/wp\/v2\/media\/2563"}],"wp:attachment":[{"href":"https:\/\/ciu-edu.org\/index.php?rest_route=%2Fwp%2Fv2%2Fmedia&parent=5354"}],"curies":[{"name":"wp","href":"https:\/\/api.w.org\/{rel}","templated":true}]}}