{"id":5336,"date":"2021-11-25T07:56:10","date_gmt":"2021-11-25T07:56:10","guid":{"rendered":"https:\/\/ciu-edu.org\/?page_id=5336"},"modified":"2022-02-16T10:20:38","modified_gmt":"2022-02-16T10:20:38","slug":"datos-bancarios-2","status":"publish","type":"page","link":"https:\/\/ciu-edu.org\/?page_id=5336","title":{"rendered":"Datos Bancarios"},"content":{"rendered":"\n<figure class=\"wp-block-image size-large\"><img loading=\"lazy\" decoding=\"async\" width=\"777\" height=\"278\" src=\"https:\/\/ciu-edu.org\/wp-content\/uploads\/2018\/09\/ingreso_banco.png\" alt=\"\" class=\"wp-image-2810\" srcset=\"https:\/\/ciu-edu.org\/wp-content\/uploads\/2018\/09\/ingreso_banco.png 777w, https:\/\/ciu-edu.org\/wp-content\/uploads\/2018\/09\/ingreso_banco-300x107.png 300w, https:\/\/ciu-edu.org\/wp-content\/uploads\/2018\/09\/ingreso_banco-768x275.png 768w\" sizes=\"auto, (max-width: 777px) 100vw, 777px\" \/><\/figure>\n\n\n\n<h2 class=\"wp-block-heading\" id=\"titular-de-la-cuenta\">Titular de la cuenta:<\/h2>\n\n\n\n<p>CIU Cambridge Internacional University<\/p>\n\n\n\n<h2 class=\"wp-block-heading\" id=\"datos-postales-de-la-entidad-educativa\">Datos postales de la Entidad Educativa.<\/h2>\n\n\n\n<p><strong>Direcci\u00f3n Principal: <\/strong>C\/ Francisco Jimenez Lomas, 5 &#8211; <strong>C\u00f3digo Postal: <\/strong>29004 &#8211; <strong>Ciudad: <\/strong>M\u00e1laga &#8211; <strong>Pa\u00eds: <\/strong>Espa\u00f1a <\/p>\n\n\n\n<p><strong>Direcci\u00f3n Atenci\u00f3n al Alumnado:<\/strong> C\/ Victoria M\u00e9rida y Piret, 6 &#8211; Lc, 5 &#8211; <strong>C\u00f3digo Postal: <\/strong>29004 &#8211; <strong>Ciudad: <\/strong>M\u00e1laga &#8211; <strong>Pa\u00eds: <\/strong>Espa\u00f1a<\/p>\n\n\n\n<h2 class=\"wp-block-heading\" id=\"entidad-bancaria\">Entidad Bancaria:<\/h2>\n\n\n\n<p><strong>Banco:<\/strong> BBVA (Banco Bilbao Vizcaya)<\/p>\n\n\n\n<p><strong>Datos Postales de la Entidad Bancaria: <\/strong>Avenida de la Paloma, 35 \u2013 <strong>C\u00f3digo Postal: <\/strong>29003 &#8211;&nbsp;<strong>Ciudad: <\/strong>M\u00e1laga &#8211;&nbsp;<strong>Pa\u00eds: <\/strong>Espa\u00f1a.<\/p>\n\n\n\n<figure class=\"wp-block-table is-style-stripes\"><table><tbody><tr><td class=\"has-text-align-center\" data-align=\"center\"><strong>ENTIDAD<\/strong><\/td><td class=\"has-text-align-center\" data-align=\"center\"><strong>OFICINA<\/strong><\/td><td class=\"has-text-align-center\" data-align=\"center\"><strong>D.C.<\/strong><\/td><td class=\"has-text-align-center\" data-align=\"center\"><strong>N\u00ba CUENTA<\/strong><\/td><\/tr><tr><td class=\"has-text-align-center\" data-align=\"center\">0182<\/td><td class=\"has-text-align-center\" data-align=\"center\">3089<\/td><td class=\"has-text-align-center\" data-align=\"center\">38<\/td><td class=\"has-text-align-center\" data-align=\"center\">0201621273<\/td><\/tr><\/tbody><\/table><figcaption>Para Transferencias Internacionales, puede solicitarse los c\u00f3digos IBAN y SWIFT disponibles a continuaci\u00f3n.<\/figcaption><\/figure>\n\n\n\n<h2 class=\"wp-block-heading\" id=\"iban\">IBAN:<\/h2>\n\n\n\n<p>ES14 0182 3089 3802 01621273<\/p>\n\n\n\n<h2 class=\"wp-block-heading\" id=\"swift\">SWIFT:<\/h2>\n\n\n\n<p>BBVAESMMXXX<\/p>\n\n\n\n<h2 class=\"wp-block-heading\" id=\"necesita-datos-adicionales\">\u00bfNecesita Datos Adicionales?<\/h2>\n\n\n\n<p><strong>CIF &#8211; C\u00f3digo de Identificaci\u00f3n Fiscal: <\/strong>W4006629B<\/p>\n\n\n\n<p><strong>L\u00ednea Telef\u00f3nica 1:<\/strong> (+34) 952 307 915<br><strong>L\u00ednea Telef\u00f3nica 2: <\/strong>(+34) 670 612 202<br><strong>WhatsApp: <\/strong>+34670612202<br><strong>Fax:<\/strong> (+34) 952 277 020<br><strong>E-Mail: <\/strong>ciu@ciu-edu.org<br><strong>URL: <\/strong>https:\/\/www.ciu-edu.org<\/p>\n","protected":false},"excerpt":{"rendered":"<p>Titular de la cuenta: CIU Cambridge Internacional University Datos postales de la Entidad Educativa. Direcci\u00f3n Principal: C\/ Francisco Jimenez Lomas, 5 &#8211; C\u00f3digo Postal: 29004 &#8211; Ciudad: M\u00e1laga &#8211; Pa\u00eds: Espa\u00f1a Direcci\u00f3n Atenci\u00f3n al Alumnado: C\/ Victoria M\u00e9rida y Piret, 6 &#8211; Lc, 5 &#8211; C\u00f3digo Postal: 29004 &#8211; Ciudad: M\u00e1laga &#8211; Pa\u00eds: Espa\u00f1a Entidad Bancaria: Banco: BBVA (Banco Bilbao Vizcaya) Datos Postales de la Entidad Bancaria: Avenida de la Paloma, 35 \u2013 C\u00f3digo Postal: 29003 &#8211;&nbsp;Ciudad: M\u00e1laga &#8211;&nbsp;Pa\u00eds: Espa\u00f1a.&hellip;<\/p>\n","protected":false},"author":1,"featured_media":5337,"parent":0,"menu_order":0,"comment_status":"closed","ping_status":"closed","template":"","meta":{"_joinchat":[],"footnotes":""},"class_list":["post-5336","page","type-page","status-publish","has-post-thumbnail","hentry","post-has-thumbnail"],"_links":{"self":[{"href":"https:\/\/ciu-edu.org\/index.php?rest_route=\/wp\/v2\/pages\/5336","targetHints":{"allow":["GET"]}}],"collection":[{"href":"https:\/\/ciu-edu.org\/index.php?rest_route=\/wp\/v2\/pages"}],"about":[{"href":"https:\/\/ciu-edu.org\/index.php?rest_route=\/wp\/v2\/types\/page"}],"author":[{"embeddable":true,"href":"https:\/\/ciu-edu.org\/index.php?rest_route=\/wp\/v2\/users\/1"}],"replies":[{"embeddable":true,"href":"https:\/\/ciu-edu.org\/index.php?rest_route=%2Fwp%2Fv2%2Fcomments&post=5336"}],"version-history":[{"count":3,"href":"https:\/\/ciu-edu.org\/index.php?rest_route=\/wp\/v2\/pages\/5336\/revisions"}],"predecessor-version":[{"id":5898,"href":"https:\/\/ciu-edu.org\/index.php?rest_route=\/wp\/v2\/pages\/5336\/revisions\/5898"}],"wp:featuredmedia":[{"embeddable":true,"href":"https:\/\/ciu-edu.org\/index.php?rest_route=\/wp\/v2\/media\/5337"}],"wp:attachment":[{"href":"https:\/\/ciu-edu.org\/index.php?rest_route=%2Fwp%2Fv2%2Fmedia&parent=5336"}],"curies":[{"name":"wp","href":"https:\/\/api.w.org\/{rel}","templated":true}]}}