{"id":5234,"date":"2021-11-23T19:28:48","date_gmt":"2021-11-23T19:28:48","guid":{"rendered":"https:\/\/ciu-edu.org\/?page_id=5234"},"modified":"2023-03-09T09:04:16","modified_gmt":"2023-03-09T08:04:16","slug":"verificacion-de-alumno","status":"publish","type":"page","link":"https:\/\/ciu-edu.org\/?page_id=5234","title":{"rendered":"Verificaci\u00f3n de Registro de T\u00edtulos"},"content":{"rendered":"\n<p>Puede verificar su T\u00edtulo mediante la URL disponible en el reverso del t\u00edtulo y el c\u00f3digo de verificaci\u00f3n impreso. La verificaci\u00f3n de certificados est\u00e1 disponible a trav\u00e9s del c\u00f3digo QR impreso en el documento a verificar. Para m\u00e1s informaci\u00f3n, contacte con nuestros asesores, desde el Canal de Mensajer\u00eda por WhatsApp, disponible en esta misma ventana zona inferior derecha.<\/p>\n","protected":false},"excerpt":{"rendered":"<p>Puede verificar su T\u00edtulo mediante la URL disponible en el reverso del t\u00edtulo y el c\u00f3digo de verificaci\u00f3n impreso. La verificaci\u00f3n de certificados est\u00e1 disponible a trav\u00e9s del c\u00f3digo QR impreso en el documento a verificar. Para m\u00e1s informaci\u00f3n, contacte con nuestros asesores, desde el Canal de Mensajer\u00eda por WhatsApp, disponible en esta misma ventana zona inferior derecha.<\/p>\n","protected":false},"author":1,"featured_media":5914,"parent":0,"menu_order":0,"comment_status":"closed","ping_status":"closed","template":"","meta":{"_joinchat":[],"footnotes":""},"class_list":["post-5234","page","type-page","status-publish","has-post-thumbnail","hentry","post-has-thumbnail"],"_links":{"self":[{"href":"https:\/\/ciu-edu.org\/index.php?rest_route=\/wp\/v2\/pages\/5234","targetHints":{"allow":["GET"]}}],"collection":[{"href":"https:\/\/ciu-edu.org\/index.php?rest_route=\/wp\/v2\/pages"}],"about":[{"href":"https:\/\/ciu-edu.org\/index.php?rest_route=\/wp\/v2\/types\/page"}],"author":[{"embeddable":true,"href":"https:\/\/ciu-edu.org\/index.php?rest_route=\/wp\/v2\/users\/1"}],"replies":[{"embeddable":true,"href":"https:\/\/ciu-edu.org\/index.php?rest_route=%2Fwp%2Fv2%2Fcomments&post=5234"}],"version-history":[{"count":5,"href":"https:\/\/ciu-edu.org\/index.php?rest_route=\/wp\/v2\/pages\/5234\/revisions"}],"predecessor-version":[{"id":7040,"href":"https:\/\/ciu-edu.org\/index.php?rest_route=\/wp\/v2\/pages\/5234\/revisions\/7040"}],"wp:featuredmedia":[{"embeddable":true,"href":"https:\/\/ciu-edu.org\/index.php?rest_route=\/wp\/v2\/media\/5914"}],"wp:attachment":[{"href":"https:\/\/ciu-edu.org\/index.php?rest_route=%2Fwp%2Fv2%2Fmedia&parent=5234"}],"curies":[{"name":"wp","href":"https:\/\/api.w.org\/{rel}","templated":true}]}}