{"id":516,"date":"2014-06-12T11:46:04","date_gmt":"2014-06-12T11:46:04","guid":{"rendered":"http:\/\/base1.dyndns-server.com:8090\/ciuedu\/?page_id=516"},"modified":"2021-11-24T17:31:12","modified_gmt":"2021-11-24T17:31:12","slug":"estatutos-de-cambridge-international-university","status":"publish","type":"page","link":"https:\/\/ciu-edu.org\/?page_id=516","title":{"rendered":"Normativa de Accionistas de Cambridge International University"},"content":{"rendered":"<p><span style=\"text-decoration: underline;\"><strong>ART\u00cdCULO I .- ACCIONISTAS<\/strong><\/span><\/p>\n<p style=\"text-align: justify;\"><strong>Secci\u00f3n l.<\/strong> Reuni\u00f3n Anual. Una reuni\u00f3n anual se celebrar\u00e1 una vez cada a\u00f1o para la elecci\u00f3n de directores y para la tramitaci\u00f3n de cualquier otro asunto que pueda venir adecuadamente antes de la reuni\u00f3n. La reuni\u00f3n anual se celebrar\u00e1 en la fecha y lugar que designe el Consejo de Administraci\u00f3n.<\/p>\n<p style=\"text-align: justify;\"><strong>Secci\u00f3n 2.<\/strong> Reuniones Extraordinarias. Las asambleas extraordinarias de accionistas pueden ser solicitadas por el Presidente, el Consejo de Administraci\u00f3n, o por la mayor\u00eda de los accionistas con derecho a voto.<\/p>\n<p style=\"text-align: justify;\"><strong>Secci\u00f3n 3.<\/strong> Notificaci\u00f3n. Deber\u00e1 ofrecerse una notificaci\u00f3n escrita para las reuniones de accionistas, seg\u00fan esta estipulado por la ley. El aviso deber\u00e1 indicar el lugar, fecha y hora de la reuni\u00f3n, indicandosi se trata de una reuni\u00f3n especial, y el prop\u00f3sito de la reuni\u00f3n. Tal notificaci\u00f3n deber\u00e1 ser notificada a los accionistas registrados a la direcci\u00f3n que aparece en el libro corporativo, al menos, un d\u00eda antes de la reuni\u00f3n. Dicha notificaci\u00f3n debe ser declarada como efectiva y debe ser remitida por correo ordinario, a portes pagados.<\/p>\n<p style=\"text-align: justify;\"><strong>Secci\u00f3n 4.<\/strong> Lugar de Reuni\u00f3n. la reuni\u00f3n de accionistas se celebrar\u00e1 en la Direcci\u00f3n de la corporaci\u00f3n.<\/p>\n<p style=\"text-align: justify;\"><strong>Secci\u00f3n 5.<\/strong> Qu\u00f3rum. La mayor\u00eda de las acciones con derecho a voto, ya sea representadas por su persona o por poder, constituir\u00e1 el quor\u00fan de reuni\u00f3n de accionistas. A falta de qu\u00f3rum, una mayor\u00eda de las acciones representadas podr\u00e1 levantar la sesi\u00f3n para otro momento. El qu\u00f3rum ausente, ser\u00e1 representado por una junta, y cualquier negocio en v\u00eda de desarrollo se podr\u00e1 tramitar con normalidad en la reuni\u00f3n como se preve\u00eda originalmente. Los accionistas presentes en la reuni\u00f3n, podr\u00e1n realizar transacciones comerciales, aunque la ausencia de algunos accionistas tengan menos representaci\u00f3n en el quorum.<\/p>\n<p style=\"text-align: justify;\"><span style=\"text-decoration: underline;\"><strong>ART\u00cdCULO II: DIRECTORES<\/strong><\/span><\/p>\n<p style=\"text-align: justify;\"><strong>Secci\u00f3n l.<\/strong> N\u00famero de Administraci\u00f3n. La sociedad estar\u00e1 administrada por un Consejo de Administraci\u00f3n compuesto por 5 directores (s).<\/p>\n<p style=\"text-align: justify;\"><strong>Secci\u00f3n 2.<\/strong> Elecci\u00f3n y duraci\u00f3n del mandato. Los directores ser\u00e1n elegidos en la asamblea anual de accionistas. Cada director deber\u00e1 actuar durante un a\u00f1o (s), o hasta que un sucesor haya sido elegido y calificado.<\/p>\n<p style=\"text-align: justify;\"><strong>Secci\u00f3n 3.<\/strong> Qu\u00f3rum. La mayor\u00eda de los directores constituir\u00e1 quorum.<\/p>\n<p style=\"text-align: justify;\"><strong>Secci\u00f3n 4.<\/strong> Anuncios y Comunicados. En la aci\u00f3n determinante de un quorum y votaci\u00f3n de los directores, la oposici\u00f3n de un director no descalificar\u00e1 al director general o invalidara su voto.<\/p>\n<p style=\"text-align: justify;\"><strong>Secci\u00f3n 5.<\/strong> Reuni\u00f3n Ordinaria. La reuni\u00f3n anual se celebrar\u00e1, sin previo aviso, inmediatamente despu\u00e9s y en el mismo lugar de la reuni\u00f3n anual de los accionistas. El Consejo de Administraci\u00f3n puede proporcionar, mediante resoluci\u00f3n, reuniones ordinarias adicionales sin previo aviso.<\/p>\n<p style=\"text-align: justify;\"><strong>Secci\u00f3n 6.<\/strong> Reuni\u00f3n Especial. Las Reuniones especiales pueden ser solicitadas por el Presidente, Vicepresidente, Secretario, o cualquiera de los directores, proporcionando cinco d\u00edas de notificaci\u00f3n por escrito ordinario, siendo efectivo cuando sea enviado por correo.<\/p>\n<p style=\"text-align: justify;\"><strong>Secci\u00f3n 7.<\/strong> Acci\u00f3n Informal. Cualquier acci\u00f3n que pueda ser tomada en una reuni\u00f3n de los directores o de un comit\u00e9 de directores, se puede realizar sin una reuni\u00f3n y sin consentimiento por escrito, si est\u00e1 firmada por los directores o los miembros del comit\u00e9 de los consejeros.<\/p>\n<p style=\"text-align: justify;\"><strong>Secci\u00f3n 8.<\/strong> Vacantes. Un director ser\u00e1 objeto de expulsi\u00f3n, con o sin causa, en una reuni\u00f3n de los accionistas acordada para ese prop\u00f3sito. Toda vacante que se produzca en el Consejo de Administraci\u00f3n, ya sea por muerte, renuncia, expulsi\u00f3n o por cualquier otra causa, se puede ocupar por el resto de directores. Un director elegido para cubrir una vacante desempe\u00f1ar\u00e1 el t\u00e9rmino restante de su predecesor, o hasta que un sucesor sea como elegido y calificado.<\/p>\n<p style=\"text-align: justify;\"><strong>Secci\u00f3n 9.<\/strong> Comisiones. En la medida que se permita por la ley, el Consejo de Administraci\u00f3n podr\u00e1 designar de su miembros de comit\u00e9, con caracter temporal o permanente.<\/p>\n<p style=\"text-align: justify;\"><span style=\"text-decoration: underline;\"><strong>ART\u00cdCULO III: MANDATOS<\/strong><\/span><\/p>\n<p style=\"text-align: justify;\"><strong>Secci\u00f3n l. Numero de Oficiales.<\/strong> Los oficiales de la Coorporaci\u00f3n ser\u00e1n un Presidente, uno o varios Vicepresidentes (determinados por el Consejo de Administraci\u00f3n), un Secretario y un Tesorero. Dos o m\u00e1s cargos podr\u00e1n recaer en una sola persona.<\/p>\n<p style=\"text-align: justify;\"><strong>Secci\u00f3n 2. Elecci\u00f3n y duraci\u00f3n del mandato.<\/strong> Los oficiales ser\u00e1n elegidos anualmente por el Consejo de Administraci\u00f3n en la primera reuni\u00f3n del Consejo de Administraci\u00f3n posterior a la reuni\u00f3n anual de los accionistas. Cada funcionario deber\u00e1 efectuar un per\u00edodo de un a\u00f1o o hasta que un sucesor haya sido elegido y calificado.<\/p>\n<p style=\"text-align: justify;\"><strong>Secci\u00f3n 3. Eliminaci\u00f3n o Vacante.<\/strong> El Consejo de Administraci\u00f3n deber\u00e1 votar para eliminar un oficial o agente del la corporaci\u00f3n. Toda vacante que se produzca por cualquier motivo puede gestionarse por el Consejo de Administraci\u00f3n.<\/p>\n<p style=\"text-align: justify;\"><span style=\"text-decoration: underline;\"><strong>ART\u00cdCULO IV: SELLO DE LA EMPRESA<\/strong><\/span><\/p>\n<p style=\"text-align: justify;\">La corporaci\u00f3n, tiene un sello corporativo, que se aplicar\u00e1 cunado sea necesario, y siempre que afecte o se refiera a los bienes ra\u00edces. Todos los instrumentos que se ejecutan en nombre de la corporaci\u00f3n y que afectan a un inter\u00e9s en bienes inmuebles deber\u00e1n ser ejecutadas por el Presidente o cualquier Vicepresidente y el Secretario. Todos los dem\u00e1s instrumentos ejecutados por la corporaci\u00f3n, se ejecutar\u00e1n por el Presidente o cualquier Vicepresidente.<br \/>\nLas disposiciones, y cualquier orden escrita pueden ser ejecutada por cualquier funcionario (s) o agente (s) que son espec\u00edficamente designado previo acuerdo del Consejo de Administraci\u00f3n.<\/p>\n<p style=\"text-align: justify;\"><span style=\"text-decoration: underline;\"><strong>ART\u00cdCULO V. REVISI\u00d3N DE LAS LEYES<\/strong><\/span><\/p>\n<p style=\"text-align: justify;\">Los estatutos pueden ser enmendados, modificadas o derogados por el Consejo de Administraci\u00f3n o por una mayor\u00eda de un voto qu\u00f3rum en cualquier reuni\u00f3n regular o especial; proporcionado sin embargo, que los accionistas puedan de vez en cuando especificar disposiciones particulares de los estatutos, que no podr\u00e1n ser modificados o derogados por el Consejo de Administraci\u00f3n.<\/p>\n<p style=\"text-align: justify;\"><span style=\"text-decoration: underline;\"><strong>ART\u00cdCULO VI. INDEMNIZACI\u00d3N<\/strong><\/span><\/p>\n<p style=\"text-align: justify;\">Cualquier director o funcionario que se involucre en litigios por raz\u00f3n de su cargo contra un director o funcionario de esta corporaci\u00f3n, en funci\u00f3n de la ley en su forma actual presente o pueden ser modificada posteriormente (pero, en el caso de cualquier medida permite a la corporaci\u00f3n proporcionar derechos de indemnizaci\u00f3n m\u00e1s amplios).<\/p>\n<p style=\"text-align: justify;\"><span style=\"text-decoration: underline;\"><strong>ART\u00cdCULO VII. CERTIFICADOS DE DERECHOS<\/strong><\/span><\/p>\n<p style=\"text-align: justify;\">Despu\u00e9s de la emisi\u00f3n o transmisi\u00f3n de acciones, la corporaci\u00f3n deber\u00e1 enviar una declaraci\u00f3n por escrito de la information que es requerida por la ley para estar presente en el certificado. Previa solicitud por escrito a la secretaria corporativa por un titular de dichas acciones, el secretario debe proporcionar un certificado en forma prescrita por los directores.<\/p>\n<p style=\"text-align: justify;\">Si desea, formar parte de la Junta de Accionistas de Cambridge International University, puede <a title=\"Formulario de Contacto\" href=\"https:\/\/www.ciu-edu.org\/?p=349\">comunicarse con el Dto. de Informaci\u00f3n<\/a>, para recibir el Dossier Informativo sobre la compra de acciones educativas.<\/p>\n","protected":false},"excerpt":{"rendered":"<p>ART\u00cdCULO I .- ACCIONISTAS Secci\u00f3n l. Reuni\u00f3n Anual. Una reuni\u00f3n anual se celebrar\u00e1 una vez cada a\u00f1o para la elecci\u00f3n de directores y para la tramitaci\u00f3n de cualquier otro asunto que pueda venir adecuadamente antes de la reuni\u00f3n. La reuni\u00f3n anual se celebrar\u00e1 en la fecha y lugar que designe el Consejo de Administraci\u00f3n. Secci\u00f3n 2. Reuniones Extraordinarias. Las asambleas extraordinarias de accionistas pueden ser solicitadas por el Presidente, el Consejo de Administraci\u00f3n, o por la mayor\u00eda de los accionistas&hellip;<\/p>\n","protected":false},"author":1,"featured_media":0,"parent":0,"menu_order":0,"comment_status":"closed","ping_status":"open","template":"","meta":{"_joinchat":[],"footnotes":""},"class_list":["post-516","page","type-page","status-publish","hentry"],"_links":{"self":[{"href":"https:\/\/ciu-edu.org\/index.php?rest_route=\/wp\/v2\/pages\/516","targetHints":{"allow":["GET"]}}],"collection":[{"href":"https:\/\/ciu-edu.org\/index.php?rest_route=\/wp\/v2\/pages"}],"about":[{"href":"https:\/\/ciu-edu.org\/index.php?rest_route=\/wp\/v2\/types\/page"}],"author":[{"embeddable":true,"href":"https:\/\/ciu-edu.org\/index.php?rest_route=\/wp\/v2\/users\/1"}],"replies":[{"embeddable":true,"href":"https:\/\/ciu-edu.org\/index.php?rest_route=%2Fwp%2Fv2%2Fcomments&post=516"}],"version-history":[{"count":6,"href":"https:\/\/ciu-edu.org\/index.php?rest_route=\/wp\/v2\/pages\/516\/revisions"}],"predecessor-version":[{"id":3043,"href":"https:\/\/ciu-edu.org\/index.php?rest_route=\/wp\/v2\/pages\/516\/revisions\/3043"}],"wp:attachment":[{"href":"https:\/\/ciu-edu.org\/index.php?rest_route=%2Fwp%2Fv2%2Fmedia&parent=516"}],"curies":[{"name":"wp","href":"https:\/\/api.w.org\/{rel}","templated":true}]}}