{"id":4231,"date":"2021-02-05T05:55:15","date_gmt":"2021-02-05T05:55:15","guid":{"rendered":"https:\/\/ciu-edu.org\/?page_id=4231"},"modified":"2021-11-24T17:37:02","modified_gmt":"2021-11-24T17:37:02","slug":"solicitud-de-convenios-internacionales","status":"publish","type":"page","link":"https:\/\/ciu-edu.org\/?page_id=4231","title":{"rendered":"Solicitud de Convenios Internacionales"},"content":{"rendered":"\n<p>Procedimiento general para la tramitaci\u00f3n entre CIU y Universidades o Instituciones Internacionales externas a la UE &#8211; Documentaci\u00f3n e informaci\u00f3n a presentar para su formalizaci\u00f3n<\/p>\n\n\n\n<p><strong>ACREDITACI\u00d3N DE LA ENTIDAD EDUCATIVA\/UNIVERSIDAD\/INSTITUCI\u00d3N<\/strong><\/p>\n\n\n\n<p> (apartados A, D, F y G):<\/p>\n\n\n\n<p><strong>A) Documentos que acrediten el reconocimiento legal por el Gobierno de su pa\u00eds:<\/strong><\/p>\n\n\n\n<p>a) Ley o Decreto y forma de creaci\u00f3n<br>b) Estatutos de r\u00e9gimen interior<br>c) \u00d3rganos de Gobierno: unipersonales y colegiados (organigrama)<br>d) \u00c1mbito de actuaci\u00f3n: nacional u otro<br>e) Titularidad jur\u00eddica de la Instituci\u00f3n: p\u00fablica o privada (Espec\u00edficamente: Naturaleza jur\u00eddica; Fines del Convenio; Domicilio legal)<\/p>\n\n\n\n<p><strong>B) Oferta educativa:<\/strong><\/p>\n\n\n\n<p>a) Modalidad Presencial<br>b) Modalidad a Distancia<\/p>\n\n\n\n<p><strong>C) N\u00famero de alumnos y de profesores<\/strong> (global y clasificados seg\u00fan los apartados anteriores B, C y D)<\/p>\n\n\n\n<p><strong>D) Metodolog\u00eda:<\/strong><\/p>\n\n\n\n<p>a) Material did\u00e1ctico impreso y audiovisual editado por la propia Instituci\u00f3n<br>b) Utilizaci\u00f3n de nuevas tecnolog\u00edas (TV y Red)<\/p>\n\n\n\n<p><strong>E) Publicaciones (Revista, Bolet\u00edn, etc.) de car\u00e1cter peri\u00f3dico.<\/strong><\/p>\n\n\n\n<p><strong>COLABORACI\u00d3N ANTERIOR<\/strong><\/p>\n\n\n\n<p>Especificar si ha existido alguna colaboraci\u00f3n previa entre ambas instituciones y de qu\u00e9 naturaleza.<\/p>\n\n\n\n<p><strong>ACTIVIDADES A LAS QUE SE DESEA DAR COBERTURA LEGAL CON EL CONVENIO:<\/strong><\/p>\n\n\n\n<p><strong>La instituci\u00f3n interesada deber\u00e1 expresar:<\/strong><\/p>\n\n\n\n<p><strong>A) Razones y circunstancia<\/strong>s que motivan la colaboraci\u00f3n, breve exposici\u00f3n de motivos.<\/p>\n\n\n\n<p><strong>B) Naturaleza de la colaboraci\u00f3n:<\/strong> general, doctorado, intercambio, asesoramiento, informaci\u00f3n, titulaciones conjuntas u otras.<\/p>\n\n\n\n<p><strong>C) N\u00famero de profesores y\/o de alumnos<\/strong> a los que afectar\u00e1 previsiblemente la colaboraci\u00f3n (precisando la Facultad o centro de que se trate).<\/p>\n\n\n\n<p><strong>D) Datos adicionales sobre la colaboraci\u00f3n:<\/strong><\/p>\n\n\n\n<p>a) persona a cargo de la tramitaci\u00f3n en la instituci\u00f3n extranjera<br>b) persona dentro de CIU que participa activamente en las gestiones previas a la tramitaci\u00f3n (docente o personal administrativo que inici\u00f3 las conversaciones)<\/p>\n\n\n\n<p><strong>De ser posible, <\/strong>proporcionando en ambos supuestos datos que <strong>faciliten el contacto o localizaci\u00f3n a efectos de notificaci\u00f3<\/strong>n del estado del Convenio y\/o necesidad de informaci\u00f3n adicional.<\/p>\n\n\n\n<p><strong>CONCRECI\u00d3N DE LAS INSTANCIAS QUE CONVIENEN LA COLABORACI\u00d3N<\/strong><\/p>\n\n\n\n<p><strong>A) Explicitar el estado de las negociaciones:<\/strong><\/p>\n\n\n\n<p>a) Se pretende prorrogar o ampliar el contenido de un convenio ya existente<br>b) Concreci\u00f3n de las instancias con las que se firm\u00f3 el Convenio (CIU, Vicerrectorado\/s, Facultad\/es, Departamento\/s u otras)<br>c) Se solicita formalizar un convenio que d\u00e9 cobertura legal a una colaboraci\u00f3n que ya se ven\u00eda produciendo.<\/p>\n\n\n\n<p><strong>B) Concreci\u00f3n de las instancias<\/strong> que vienen colaborando (Vicerrectorado\/s, Facultad\/es, Departamento\/s u otras)<\/p>\n\n\n\n<p><strong>C) Se trata de formalizar un convenio nuevo:<\/strong><\/p>\n\n\n\n<p>a) Para ello se ha establecido un primer contacto con: Vicerrectorados, Facultades, Departamentos, Profesores de CIU<br>b) No se ha establecido a\u00fan contacto alguno, por lo que, se solicita informaci\u00f3n y contactos que permitan concretar formas de colaboraci\u00f3n<\/p>\n\n\n\n<p>En ambos casos deber\u00e1 especificar los avances y objetivos de la colaboraci\u00f3n deseada.<\/p>\n\n\n\n<p><strong>LOGOTIPO DE LA INSTITUCI\u00d3N<\/strong><br>Se ruega enviar en formato de imagen (PNG Portable Network Grafic) un logotipo institucional, con el objeto de editar el documento con los s\u00edmbolos oficiales de ambas instituciones.<\/p>\n\n\n\n<p><strong>NOTA SOBRE EL PROCEDIMIENTO DE FORMALIZACI\u00d3N,<\/strong> el per\u00edodo de tramitaci\u00f3n de un Convenio o Anexo, oscilar\u00e1 entre 2 y 6 meses, dependiendo de la complejidad del mismo, as\u00ed como de la celeridad con que se reciban en el Dpto. de Gesti\u00f3n Administrativa, la documentaci\u00f3n y los informes requeridos.<\/p>\n\n\n\n<p><strong>SOLICITUD Y CONTACTO<\/strong><\/p>\n\n\n\n<p>Curse su solicitud al Dpto. Administrativo: <a href=\"mailto:dtoadministrativo@ciu-edu.eu\">dtoadministrativo@ciu-edu.eu<\/a><br>Para m\u00e1s informaci\u00f3n, o consultas dir\u00edjase al Dpto. de Informaci\u00f3n: <a href=\"mailto:ciu@ciu-edu.org\">ciu@ciu-edu.org<\/a><\/p>\n","protected":false},"excerpt":{"rendered":"<p>Procedimiento general para la tramitaci\u00f3n entre CIU y Universidades o Instituciones Internacionales externas a la UE &#8211; Documentaci\u00f3n e informaci\u00f3n a presentar para su formalizaci\u00f3n ACREDITACI\u00d3N DE LA ENTIDAD EDUCATIVA\/UNIVERSIDAD\/INSTITUCI\u00d3N (apartados A, D, F y G): A) Documentos que acrediten el reconocimiento legal por el Gobierno de su pa\u00eds: a) Ley o Decreto y forma de creaci\u00f3nb) Estatutos de r\u00e9gimen interiorc) \u00d3rganos de Gobierno: unipersonales y colegiados (organigrama)d) \u00c1mbito de actuaci\u00f3n: nacional u otroe) Titularidad jur\u00eddica de la Instituci\u00f3n: p\u00fablica&hellip;<\/p>\n","protected":false},"author":1,"featured_media":4232,"parent":0,"menu_order":0,"comment_status":"closed","ping_status":"closed","template":"","meta":{"_joinchat":[],"footnotes":""},"class_list":["post-4231","page","type-page","status-publish","has-post-thumbnail","hentry","post-has-thumbnail"],"_links":{"self":[{"href":"https:\/\/ciu-edu.org\/index.php?rest_route=\/wp\/v2\/pages\/4231","targetHints":{"allow":["GET"]}}],"collection":[{"href":"https:\/\/ciu-edu.org\/index.php?rest_route=\/wp\/v2\/pages"}],"about":[{"href":"https:\/\/ciu-edu.org\/index.php?rest_route=\/wp\/v2\/types\/page"}],"author":[{"embeddable":true,"href":"https:\/\/ciu-edu.org\/index.php?rest_route=\/wp\/v2\/users\/1"}],"replies":[{"embeddable":true,"href":"https:\/\/ciu-edu.org\/index.php?rest_route=%2Fwp%2Fv2%2Fcomments&post=4231"}],"version-history":[{"count":1,"href":"https:\/\/ciu-edu.org\/index.php?rest_route=\/wp\/v2\/pages\/4231\/revisions"}],"predecessor-version":[{"id":4233,"href":"https:\/\/ciu-edu.org\/index.php?rest_route=\/wp\/v2\/pages\/4231\/revisions\/4233"}],"wp:featuredmedia":[{"embeddable":true,"href":"https:\/\/ciu-edu.org\/index.php?rest_route=\/wp\/v2\/media\/4232"}],"wp:attachment":[{"href":"https:\/\/ciu-edu.org\/index.php?rest_route=%2Fwp%2Fv2%2Fmedia&parent=4231"}],"curies":[{"name":"wp","href":"https:\/\/api.w.org\/{rel}","templated":true}]}}