{"id":2680,"date":"2018-07-13T12:21:58","date_gmt":"2018-07-13T12:21:58","guid":{"rendered":"https:\/\/ciu-edu.org\/?page_id=2680"},"modified":"2021-12-26T08:08:42","modified_gmt":"2021-12-26T08:08:42","slug":"carne-de-estudiante","status":"publish","type":"page","link":"https:\/\/ciu-edu.org\/?page_id=2680","title":{"rendered":"Carn\u00e9 de Estudiante"},"content":{"rendered":"\n<div class=\"wp-block-image\"><figure class=\"aligncenter size-full is-resized\"><img loading=\"lazy\" decoding=\"async\" src=\"https:\/\/ciu-edu.org\/wp-content\/uploads\/2021\/12\/carne_form.png\" alt=\"\" class=\"wp-image-5476\" width=\"1173\" height=\"455\" srcset=\"https:\/\/ciu-edu.org\/wp-content\/uploads\/2021\/12\/carne_form.png 1173w, https:\/\/ciu-edu.org\/wp-content\/uploads\/2021\/12\/carne_form-300x116.png 300w, https:\/\/ciu-edu.org\/wp-content\/uploads\/2021\/12\/carne_form-1024x397.png 1024w, https:\/\/ciu-edu.org\/wp-content\/uploads\/2021\/12\/carne_form-768x298.png 768w\" sizes=\"auto, (max-width: 1173px) 100vw, 1173px\" \/><\/figure><\/div>\n\n\n\n<p>Desde aqu\u00ed puede solicitar el carn\u00e9 de estudiante internacional, de Cambridge International University, y lo recibir\u00e1s c\u00f3modamente en t\u00fa domicilio, mediante correo certificado.<\/p>\n\n\n\n<p>La solicitud del carn\u00e9 de estudiante, se realiza Online.<\/p>\n\n\n\n<p><strong>Siga los siguientes pasos:<\/strong><\/p>\n\n\n\n<ul class=\"wp-block-list\"><li>Prepare una fotograf\u00eda digital, tama\u00f1o y tipo carn\u00e9.<\/li><li>Disponga de su documento de identidad, pues se solicitar\u00e1 el n\u00famero de ciudadano.<\/li><li>Complete el formulario, expuesto mas abajo.<\/li><li>y finalice el formulario, enviando los costos administrativos, seg\u00fan su elecci\u00f3n.<\/li><\/ul>\n\n\n\n<h2 class=\"wp-block-heading\">\u00bfC\u00f3mo recibir\u00e9 mi Carn\u00e9?<\/h2>\n\n\n\n<p>Usted recibir\u00e1 su carn\u00e9 de estudiante, mediante correo postal certificado.<\/p>\n\n\n\n<h2 class=\"wp-block-heading\">Cumplimente el Formulario y Solicite desde aqu\u00ed su Carn\u00e9 de Estudiante:<\/h2>\n\n\n\n<p><script type=\"text\/javascript\" src=\"https:\/\/form.jotform.com\/jsform\/202081918708053\"><\/script><\/p>\n\n\n\n<p><\/p>\n","protected":false},"excerpt":{"rendered":"<p>Desde aqu\u00ed puede solicitar el carn\u00e9 de estudiante internacional, de Cambridge International University, y lo recibir\u00e1s c\u00f3modamente en t\u00fa domicilio, mediante correo certificado. La solicitud del carn\u00e9 de estudiante, se realiza Online. Siga los siguientes pasos: Prepare una fotograf\u00eda digital, tama\u00f1o y tipo carn\u00e9. Disponga de su documento de identidad, pues se solicitar\u00e1 el n\u00famero de ciudadano. Complete el formulario, expuesto mas abajo. y finalice el formulario, enviando los costos administrativos, seg\u00fan su elecci\u00f3n. \u00bfC\u00f3mo recibir\u00e9 mi Carn\u00e9? Usted recibir\u00e1&hellip;<\/p>\n","protected":false},"author":1,"featured_media":3864,"parent":0,"menu_order":0,"comment_status":"closed","ping_status":"closed","template":"","meta":{"_joinchat":[],"footnotes":""},"class_list":["post-2680","page","type-page","status-publish","has-post-thumbnail","hentry","post-has-thumbnail"],"_links":{"self":[{"href":"https:\/\/ciu-edu.org\/index.php?rest_route=\/wp\/v2\/pages\/2680","targetHints":{"allow":["GET"]}}],"collection":[{"href":"https:\/\/ciu-edu.org\/index.php?rest_route=\/wp\/v2\/pages"}],"about":[{"href":"https:\/\/ciu-edu.org\/index.php?rest_route=\/wp\/v2\/types\/page"}],"author":[{"embeddable":true,"href":"https:\/\/ciu-edu.org\/index.php?rest_route=\/wp\/v2\/users\/1"}],"replies":[{"embeddable":true,"href":"https:\/\/ciu-edu.org\/index.php?rest_route=%2Fwp%2Fv2%2Fcomments&post=2680"}],"version-history":[{"count":11,"href":"https:\/\/ciu-edu.org\/index.php?rest_route=\/wp\/v2\/pages\/2680\/revisions"}],"predecessor-version":[{"id":5477,"href":"https:\/\/ciu-edu.org\/index.php?rest_route=\/wp\/v2\/pages\/2680\/revisions\/5477"}],"wp:featuredmedia":[{"embeddable":true,"href":"https:\/\/ciu-edu.org\/index.php?rest_route=\/wp\/v2\/media\/3864"}],"wp:attachment":[{"href":"https:\/\/ciu-edu.org\/index.php?rest_route=%2Fwp%2Fv2%2Fmedia&parent=2680"}],"curies":[{"name":"wp","href":"https:\/\/api.w.org\/{rel}","templated":true}]}}