{"id":2347,"date":"2018-01-17T18:17:16","date_gmt":"2018-01-17T18:17:16","guid":{"rendered":"http:\/\/base1.dyndns-server.com:8090\/ciuedux\/?page_id=2347"},"modified":"2021-11-24T17:33:28","modified_gmt":"2021-11-24T17:33:28","slug":"politicas-de-privacidad","status":"publish","type":"page","link":"https:\/\/ciu-edu.org\/?page_id=2347","title":{"rendered":"Pol\u00edticas de Privacidad y Protecci\u00f3n de datos de car\u00e1cter personal"},"content":{"rendered":"<h1 style=\"text-align: justify;\">Protecci\u00f3n de datos de car\u00e1cter personal<\/h1>\n<p style=\"text-align: justify;\">Los datos proporcionados a CIU Cambridge International University a trav\u00e9s de este Portal u otro medio o soporte ser\u00e1n tratados por la Cambridge International University, cuya sede central se encuentra en la Calle Francisco Jim\u00e9nez Lomas, n\u00ba 5, 29004, M\u00e1laga, Espa\u00f1a (UE), como responsable de los ficheros necesarios para la atenci\u00f3n y seguimiento de las solicitudes y consultas dirigidas a trav\u00e9s de la p\u00e1gina web, as\u00ed como la gesti\u00f3n y prestaci\u00f3n de los servicios relacionados con la investigaci\u00f3n, la docencia, el estudio y los programas de extensi\u00f3n universitaria, lo que le ser\u00e1 convenientemente informado en el momento de recogida de sus datos de car\u00e1cter personal, solicitando su consentimiento en el caso en que \u00e9ste fuese necesario de acuerdo con lo establecido por la Ley Org\u00e1nica 15\/1999, de 13 de diciembre, de Protecci\u00f3n de Datos de Car\u00e1cter Personal (en adelante LOPD) y su Reglamento de desarrollo.<\/p>\n<p style=\"text-align: justify;\">CIU Cambridge International University \u00fanicamente ceder\u00e1 sus datos cuando sea necesario para el adecuado ejercicio de sus competencias, as\u00ed como en las circunstancias dispuestas legalmente conforme a la LOPD, seg\u00fan la informaci\u00f3n que se le facilitar\u00e1 al recoger sus datos de car\u00e1cter personal. Cualquier otra cesi\u00f3n de datos se realizar\u00e1 previa obtenci\u00f3n del consentimiento inequ\u00edvoco otorgado por el interesado.<\/p>\n<p style=\"text-align: justify;\">CIU Cambridge International University, asegura la m\u00e1s estricta confidencialidad en la recogida y tratamiento de los datos facilitados por sus usuarios. A estos efectos, adoptar\u00e1 las medidas necesarias para evitar su alteraci\u00f3n, p\u00e9rdida, tratamiento o acceso no autorizado, en atenci\u00f3n a las categor\u00edas de datos tratados que determinan el nivel de seguridad aplicable seg\u00fan lo exigido por el Real Decreto 1720\/2007, de 21 de diciembre, por el que se aprueba el Reglamento de desarrollo de la LOPD.<\/p>\n<p style=\"text-align: justify;\">El usuario podr\u00e1 ejercitar en todo momento sus derechos de acceso, rectificaci\u00f3n, cancelaci\u00f3n u oposici\u00f3n, dirigi\u00e9ndose por escrito a la Secretar\u00eda General de CIU Cambridge International University en la Calle Francisco Jim\u00e9nez Lomas, n\u00ba 5, 29004, M\u00e1laga, Espa\u00f1a (UE), acompa\u00f1ando fotocopia del D.N.I. o documento identificativo correspondiente.<\/p>\n","protected":false},"excerpt":{"rendered":"<p>Protecci\u00f3n de datos de car\u00e1cter personal Los datos proporcionados a CIU Cambridge International University a trav\u00e9s de este Portal u otro medio o soporte ser\u00e1n tratados por la Cambridge International University, cuya sede central se encuentra en la Calle Francisco Jim\u00e9nez Lomas, n\u00ba 5, 29004, M\u00e1laga, Espa\u00f1a (UE), como responsable de los ficheros necesarios para la atenci\u00f3n y seguimiento de las solicitudes y consultas dirigidas a trav\u00e9s de la p\u00e1gina web, as\u00ed como la gesti\u00f3n y prestaci\u00f3n de los servicios&hellip;<\/p>\n","protected":false},"author":1,"featured_media":2764,"parent":0,"menu_order":0,"comment_status":"closed","ping_status":"closed","template":"","meta":{"_joinchat":[],"footnotes":""},"class_list":["post-2347","page","type-page","status-publish","has-post-thumbnail","hentry","post-has-thumbnail"],"_links":{"self":[{"href":"https:\/\/ciu-edu.org\/index.php?rest_route=\/wp\/v2\/pages\/2347","targetHints":{"allow":["GET"]}}],"collection":[{"href":"https:\/\/ciu-edu.org\/index.php?rest_route=\/wp\/v2\/pages"}],"about":[{"href":"https:\/\/ciu-edu.org\/index.php?rest_route=\/wp\/v2\/types\/page"}],"author":[{"embeddable":true,"href":"https:\/\/ciu-edu.org\/index.php?rest_route=\/wp\/v2\/users\/1"}],"replies":[{"embeddable":true,"href":"https:\/\/ciu-edu.org\/index.php?rest_route=%2Fwp%2Fv2%2Fcomments&post=2347"}],"version-history":[{"count":4,"href":"https:\/\/ciu-edu.org\/index.php?rest_route=\/wp\/v2\/pages\/2347\/revisions"}],"predecessor-version":[{"id":2807,"href":"https:\/\/ciu-edu.org\/index.php?rest_route=\/wp\/v2\/pages\/2347\/revisions\/2807"}],"wp:featuredmedia":[{"embeddable":true,"href":"https:\/\/ciu-edu.org\/index.php?rest_route=\/wp\/v2\/media\/2764"}],"wp:attachment":[{"href":"https:\/\/ciu-edu.org\/index.php?rest_route=%2Fwp%2Fv2%2Fmedia&parent=2347"}],"curies":[{"name":"wp","href":"https:\/\/api.w.org\/{rel}","templated":true}]}}