{"id":1659,"date":"2017-01-29T07:42:41","date_gmt":"2017-01-29T07:42:41","guid":{"rendered":"http:\/\/base1.dyndns-server.com:8090\/ciuedux\/?page_id=1659"},"modified":"2024-09-21T09:13:01","modified_gmt":"2024-09-21T08:13:01","slug":"sobre-cambridge-international-university","status":"publish","type":"page","link":"https:\/\/ciu-edu.org\/?page_id=1659","title":{"rendered":"Datos de Inter\u00e9s: CIU"},"content":{"rendered":"\n<p><strong>CIU Cambridge International University, Inc.<\/strong>&nbsp;(Virtual University &#8211; Distance Learning), es una<strong> Instituci\u00f3n privada<\/strong> de formaci\u00f3n permanente para<strong> personas adultas<\/strong>, utilizando m\u00e9todos propios, desarrollados para cubrir y resolver las necesidades culturales profesionales y educativas de graduaci\u00f3n, ofreciendo postgrados cuyos<strong> objetivos <\/strong>y<strong> principios directivos<\/strong> proporcionan la <strong>igualdad de oportunidades<\/strong> para el <strong>acceso a la formaci\u00f3n<\/strong>.<\/p>\n\n\n\n<p><span style=\"text-align: justify;\"><strong>CIU Cambridge International University, Inc.<\/strong>&nbsp;(Virtual University &#8211; Distance Learning) es una instituci\u00f3n que<strong> surge de la sociedad del conocimiento<\/strong> con la misi\u00f3n de facilitar la formaci\u00f3n de las personas a lo largo de su vida. El <strong>objetivo primordial<\/strong>, es conseguir que <strong>cada persona<\/strong> pueda<strong> satisface<\/strong><strong>r<\/strong> sus <strong>necesidades de aprendizaje<\/strong> aprovechando al m\u00e1ximo su esfuerzo.<\/span><\/p>\n\n\n\n<p><span style=\"text-align: justify;\">Est\u00e1 legalmente <strong>registrada<\/strong> e incorporada bajo las Leyes del <strong>Estado de Florida, EE.UU.<\/strong> <strong>Codex: P12000025755<\/strong>. Registrada en el <strong>Reino de Espa\u00f1a<\/strong> (UE), con el n\u00famero de identificaci\u00f3n <strong>CIF: W4006629B.<\/strong><\/span><\/p>\n\n\n\n<p><strong>Raz\u00f3n Social:<\/strong> CIU Cambridge International University<\/p>\n\n\n\n<p><strong>Domicilio Fiscal:<\/strong> 151, SW &#8211; 15TH ROAD NUM 1891, C.P. 33129, EE.UU.<\/p>\n\n\n\n<p><strong>Domicilio Postal &#8211; Delegaci\u00f3n Principal para los pa\u00edses de habla hispana:&nbsp;<\/strong>C\/ Victoria M\u00e9rida y Piret, 6 &#8211; Lc, 5, 29004 &#8211; M\u00e1laga &#8211; Reino de Espa\u00f1a<\/p>\n\n\n\n<p><strong>N\u00famero de Identificaci\u00f3n Fiscal:<\/strong> W4006629B<\/p>\n\n\n\n<h2 class=\"wp-block-heading\">Conceptos Hist\u00f3ricos de Cambridge International University<\/h2>\n\n\n\n<p>New England, es una regi\u00f3n de Estados Unidos, ubicada en la costa del oc\u00e9ano Atl\u00e1ntico en el nordeste del pa\u00eds, con una identidad cultural propia que tiene su origen en los colonos brit\u00e1nicos que se asentaron en la zona a partir de 1607. Actualmente tiene 15,1 millones de habitantes.<\/p>\n\n\n\n<p>Cambridge International University, tiene su nombre en honor a la conocida como \u00abCity of Squares\u00bb, ya que la mayor parte de sus distritos comerciales son grandes intersecciones conocidas como squares. En la regi\u00f3n de Nueva Inglaterra, el t\u00e9rmino square se aplica a un \u00e1rea comercial, generalmente formada alrededor de la intersecci\u00f3n de tres o m\u00e1s calles, y que originalmente consist\u00eda en un \u00e1rea cuadrada despejada. Como la mayor\u00eda de las calles se construyeron hace siglos, solo algunas plazas conservan la forma geom\u00e9trica de un cuadrado.<\/p>\n\n\n\n<p>Entre los barrios residenciales est\u00e1n Cambridgeport, al oeste de Central Square, hacia el r\u00edo Charles; Riverside, al sur de avenida Massachusetts hacia el r\u00edo Charles, entre Central y Harvard Square; East Cambridge; Wellington-Harrington; North Cambridge; Agassiz; Avon Hill; Brattle Street; Strawberry Hill; y Mid Cambridge, delimitada por Central, Harvard, Inman Square, y la ciudad de Somerville.<\/p>\n\n\n\n<p>La poblaci\u00f3n de Cambridge es muy diversa. Sus residentes, conocidos como cantabrigians, van desde distinguidos profesores del MIT, a familias de clase obrera, pasando por inmigrantes de todo el mundo. La primera uni\u00f3n civil entre personas del mismo sexo en Estados Unidos, se realiz\u00f3 en el ayuntamiento de Cambridge.<\/p>\n\n\n\n<p>Esta diversidad contribuye al ambiente liberal y puede ser comparado a Berkeley, California en algunos aspectos. Cambridge es hoy en d\u00eda una ciudad renovada urbanamente, de clase media-alta y con un creciente mercado de propiedades.<\/p>\n\n\n\n<h2 class=\"wp-block-heading\">Datos Hist\u00f3ricos <\/h2>\n\n\n\n<p>Cambridge se estableci\u00f3 con el nombre de Newtowne (\u2018Ciudad Nueva\u2019) en 1630. Newtowne fue una de las numerosas ciudades fundadas por los 700 colonos puritanos originales de la Colonia de la Bah\u00eda de Massachusetts, bajo el mandato del gobernador John Winthrop. El sitio original del poblado estuvo en el que hoy es el coraz\u00f3n de Harvard Square, mientras que la ciudad inclu\u00eda un \u00e1rea mucho m\u00e1s grande que la actual, con varias \u00e1reas perif\u00e9ricas que se convirtieron en ciudades independientes a trav\u00e9s de los a\u00f1os: Newton (originalmente Newtown) en 1690, Lexington (Cambridge Farms) en 1712, y Arlington (West Cambridge) y Brighton (Little Cambridge), las que fueron anexadas a Boston en 1807.<\/p>\n\n\n\n<p>En 1636 la colonia, eligi\u00f3 a Newtowne como sede. En 1638 se cambi\u00f3 el nombre a la ciudad por el de Cambridge, creciendo como un poblado agr\u00edcola, lentamente y siguiendo el camino a Boston, la capital colonial. La mayor\u00eda de los habitantes eran descendientes de los primeros colonos puritanos, aunque hab\u00eda tambi\u00e9n una peque\u00f1a \u00e9lite de Anglicanos \u00abrespetables\u00bb que no estuvieron implicados en la vida de la ciudad, preocupados de sus haciendas, inversiones y comercio, viviendo a lo largo del camino a Watertown (actual Brattle Street). La mayor\u00eda de esas fincas fueron confiscadas despu\u00e9s de la revoluci\u00f3n y vendidas a los Lealistas.<\/p>\n\n\n\n<p>Entre 1790 y 1840, Cambridge comenz\u00f3 a crecer r\u00e1pidamente con la construcci\u00f3n del puente West Boston o Longfellow en 1792 que conect\u00f3 la ciudad directamente con Boston, haciendo innecesario viajar los 13 kil\u00f3metros a trav\u00e9s de Boston Neck, Roxbury y Brookline para cruzar el r\u00edo Charles. En 1809 se construy\u00f3 un segundo puente, el Canal Bridge, que cruza el canal Middlesex. Los nuevos puentes y v\u00edas hicieron que los terrenos agr\u00edcolas y marismas se transformaran en un distrito industrial y residencial. Mucho despu\u00e9s se construyeron carreteras como la Concord Turnpike (actual Broadway y avenida Concord) y la Middlesex Turnpike (calle Hampshire y avenida Massachusetts al noreste de Porter Square) y las actuales calles Cambridge, Main y Harvard fueron caminos para conectar distintas \u00e1reas de Cambridge hacia los puentes. Adem\u00e1s, los ferrocarriles entrecruzaron la ciudad durante la misma \u00e9poca, llevando al desarrollo de Porter Square, as\u00ed como a las creaci\u00f3n de la vecina ciudad de Somerville a partir de las \u00e1reas rurales de Charlestown.<\/p>\n\n\n\n<p>Cambridge fue incorporada como la segunda ciudad de Massachusetts en 1846. Su centro comercial tambi\u00e9n fu\u00e9 trasladado a Central Square, zona que se convirti\u00f3 en el centro de la ciudad. Entre 1850 y 1900, Cambridge adquiri\u00f3 la mayor parte de su actual fisonom\u00eda, incluyendo el desarrollo del tranv\u00eda suburbano a lo largo de las carreteras, barrios industriales y de clase obrera en East Cambridge, construcci\u00f3n de confortables casas de clase media en antiguas haciendas en Cambridgeport y Mid-Cambridge, y enclaves de clase alta en las colinas m\u00e1s bajas de la ciudad. La llegada del ferrocarril a North Cambridge y Northwest Cambridge permitieron los tres mayores cambios en la ciudad: el desarrollo de f\u00e1bricas de ladrillos y construcciones hechas en este material entre las avenidas Massachusetts, Concord y Alewife Brook; la f\u00e1brica de hielo de Frederic Tudor en Fresh Pond; y el loteo de las \u00faltimas haciendas para su conversi\u00f3n en subdivisiones residenciales, lo que permitir\u00eda construir viviendas para los miles de inmigrantes que se llegaron a trabajar en las nuevas industrias.<\/p>\n\n\n\n<h2 class=\"wp-block-heading\">Una vista cruzando el R\u00edo Charles.<\/h2>\n\n\n\n<p>En 1920, Cambridge era una de las principales ciudades industriales de Nueva Inglaterra, con cerca de 120 000 habitantes. Como la industria en el este de Estados Unidos comenz\u00f3 a declinar con la Gran Depresi\u00f3n y luego con la Segunda Guerra Mundial, Cambridge perdi\u00f3 buena parte de su base industrial. Adem\u00e1s, comenz\u00f3 la transici\u00f3n desde ser un centro industrial a uno intelectual. La Universidad Harvard siempre ha sido importante en la ciudad (tanto por la cantidad de terreno de la que es due\u00f1a como por la importancia institucional), pero comenz\u00f3 a ejercer un rol m\u00e1s dominante en la vida y la cultura de la ciudad. La mudanza del Instituto Tecnol\u00f3gico de Massachusetss desde Boston en 1912 asegur\u00f3 el estatus de Cambridge como el centro intelectual de los Estados Unidos.<\/p>\n\n\n\n<p>Despu\u00e9s de los a\u00f1os 50, la poblaci\u00f3n de la ciudad comenz\u00f3 a bajar lentamente, siendo reemplazadas las familias por solteros y parejas j\u00f3venes. A finales del siglo XX, Cambridge ten\u00eda uno de los mercados inmobibliarios m\u00e1s expansivos en el noreste de los Estados Unidos. As\u00ed como mantiene la diversidad en clases, razas y edades, se hace m\u00e1s dif\u00edcil para aquellos que crecieron en la ciudad el permanecer en ella.<\/p>\n\n\n\n<h2 class=\"wp-block-heading\">Sus habitantes originales: Las Tribus ind\u00edgenas<\/h2>\n\n\n\n<p>Los primeros habitantes conocidos de Nueva Inglaterra fueron los indios americanos <em>algonquinos<\/em> pertenecientes al grupo de las que hablaban una variedad de las lenguas algonquinas orientales. Estas tribus inclu\u00edan a <em>Abenaki, Micmac, Penobscot, Pequot, Mohegan, Narragansett, Pocumtuck y Wampanoag<\/em>. Antes de la llegada de los colonos europeos, los <em>Abenakis occidentales<\/em> habitaban New Hampshire, Nueva York, Vermont, as\u00ed como en partes de Quebec y el oeste de Maine. La tribu principal era <em>Norridgewock<\/em>, que habitaba en el actual Maine.<\/p>\n\n\n\n<p>Los <em>Penobscot<\/em> viv\u00edan a lo largo del r\u00edo Penobscot en Maine. Los Narragansetts y las tribus bajo su soberan\u00eda viv\u00edan en la mayor parte de la actual Rhode Island, al oeste de la bah\u00eda de Narragansett, incluyendo Block Island. Los <em>Wampanoag <\/em>ocuparon el sureste de Massachusetts, Rhode Island y las isla Martha&#8217;s Vineyard y Nantucket. Los <em>Pocumtucks<\/em> viv\u00edan en el oeste de Massachusetts y las tribus <em>Mohegan<\/em> y <em>Pequot<\/em> viv\u00edan en la regi\u00f3n de Connecticut.<\/p>\n\n\n\n<p>Ya en 1600, los comerciantes franceses, neerlandeses e ingleses comenzaron a explorar el Nuevo Mundo, intercambiando metal, vidrio y tela por pieles de castor locales entre otros productos.<\/p>\n\n\n\n<h2 class=\"wp-block-heading\">Idiomas<\/h2>\n\n\n\n<p>El 83,46 % de la poblaci\u00f3n de Nueva Inglaterra sobre la edad de 5 a\u00f1os dice hablar ingl\u00e9s en casa, mientras un 6.35 % habla espa\u00f1ol, 1.82 % portugu\u00e9s, 1.45 % franc\u00e9s, 0,68 % chino y 0,68 % italiano.8\u200b<\/p>\n\n\n\n<p>Aunque hay 400.000 franc\u00f3fonos en Nueva Inglaterra,\u200b muchos de sus descendientes hablan m\u00e1s la lengua inglesa que la francesa, y cabe mencionar tambi\u00e9n que existe un distintivo acento de Boston m\u00e1s similar al acento brit\u00e1nico hablado hace 350 a\u00f1os.<\/p>\n\n\n\n<h2 class=\"wp-block-heading\">Grupo Acad\u00e9mico&nbsp;Empresarial: Educamix Group Europe<\/h2>\n\n\n\n<p>Los <strong>Grupos Empresariales Educativos<\/strong>, forman <strong>consorcios<\/strong> <strong>universitarios<\/strong> <strong>internacionales<\/strong> y ofertan, <strong>bajo las mejores condiciones<\/strong>, estudios en diferentes niveles, y modalidades.<\/p>\n\n\n\n<p>De esta forma, unificamos los servicios de 47 entidades educativas, p\u00fablicas y privadas, de Am\u00e9rica (Habla Hispana) y Europa (Habla Hispana e Inglesa) y mediante la&nbsp;Metodolog\u00eda \u00abDistance Learning\u00bb, ofrecemos&nbsp;acceso a formaci\u00f3n e investigaci\u00f3n, a nivel de postgrado, as\u00ed como programas de formaci\u00f3n continua.<\/p>\n\n\n\n<p>Ver la formaci\u00f3n hoy en d\u00eda como un negocio es un hecho, y nuestra misi\u00f3n es, ofrecer al usuario final una oferta justa, un sistema econ\u00f3mico equilibrado y las m\u00e1ximas facilidades, en becas, ayudas y subvenciones. Para cumplir nuestros objetivos, hemos congregado 45 entidades educativas, y sumando, bajo convenios de cooperaci\u00f3n acad\u00e9mica internacionales, siendo Educamix Group Europa, el nexo de uni\u00f3n, entre los diferentes pa\u00edses de habla inglesa e hispana. Puede contactar con Educamix Group Europa desde el siguiente enlace, al <a href=\"https:\/\/educamix.org\/index.php\/contacto\/\" target=\"_blank\" rel=\"noreferrer noopener\">formulario de contacto<\/a> o visitar su p\u00e1gina web desde la siguiente <strong>URL:<\/strong> <a href=\"https:\/\/www.educamix.org\" target=\"_blank\" rel=\"noopener noreferrer\">https:\/\/www.educamix.org<\/a><\/p>\n\n\n\n<p><strong>Para contactar con<\/strong> Cambridge International University, desde el siguiente Formulario de <strong>Contacto:<\/strong> <a href=\"https:\/\/www.ciu-edu.org\/?p=349\" target=\"_blank\" rel=\"noreferrer noopener\">https:\/\/www.ciu-edu.org\/?p=349<\/a><br>Si es usuario del software WhatsApp, puede comunicarse c\u00f3modamente, <a href=\"https:\/\/web.whatsapp.com\/send?phone=+34670612202&amp;text=Hola,%20deseo%20comunicarme%20con%20el%20Departamento%20de%20Informacion%20de%20CIU\" target=\"_blank\" rel=\"noreferrer noopener\">pulsando aqu\u00ed<\/a>. El horario de atenci\u00f3n p\u00fablica, en verano, es de 9:30 h. a 15:00 h. y normalizado en invierno de 10:30 h. a 17:30 h. de lunes a viernes. La franja horaria, presenta cambio horario para aprovechar las horas solares, siendo GMT +2 en verano y modificado el resto del a\u00f1o a GMT +1 entrado el periodo de invierno.<\/p>\n\n\n\n<p><span style=\"text-align: justify;\">Cambridge International University es miembro de pleno derecho de <span style=\"text-decoration: underline;\"><strong>CUE University Euroamerican Consortium<\/strong><\/span>.<\/span><\/p>\n\n\n\n<p><strong>Web:<\/strong> <a href=\"https:\/\/www.cue.org.es\" target=\"_blank\" rel=\"noopener noreferrer\">https:\/\/www.cue.org.es<\/a><br><strong>Contacto:<\/strong> <a href=\"https:\/\/cue.org.es\/?page_id=872\" target=\"_blank\" rel=\"noreferrer noopener\">https:\/\/cue.org.es\/?page_id=872<\/a><\/p>\n\n\n\n<p><span style=\"text-align: justify;\">Los programas educativos impartidos por CIU Cambridge International University son reconocidos internacionalmente por ser pioneros en la inclusi\u00f3n y dise\u00f1o del sistema E-Learning con una <strong>excelente reputaci\u00f3n acad\u00e9mica<\/strong>. El personal acad\u00e9mico y administrativo, de CIU Cambridge International University est\u00e1n muy comprometidos, con la calidad de los servicios.<\/span><\/p>\n\n\n\n<p><span style=\"text-align: justify;\">Si necesita ampliar informaci\u00f3n, puede registrarse en esta web y solicitarla al administrador del sistema, o bien por correo electr\u00f3nico, usando el <a href=\"https:\/\/ciu-edu.org\/?p=1959\">Formulario de Contacto<\/a>.<\/span><\/p>\n","protected":false},"excerpt":{"rendered":"<p>CIU Cambridge International University, Inc.&nbsp;(Virtual University &#8211; Distance Learning), es una Instituci\u00f3n privada de formaci\u00f3n permanente para personas adultas, utilizando m\u00e9todos propios, desarrollados para cubrir y resolver las necesidades culturales profesionales y educativas de graduaci\u00f3n, ofreciendo postgrados cuyos objetivos y principios directivos proporcionan la igualdad de oportunidades para el acceso a la formaci\u00f3n. CIU Cambridge International University, Inc.&nbsp;(Virtual University &#8211; Distance Learning) es una instituci\u00f3n que surge de la sociedad del conocimiento con la misi\u00f3n de facilitar la formaci\u00f3n de&hellip;<\/p>\n","protected":false},"author":1,"featured_media":2823,"parent":0,"menu_order":0,"comment_status":"closed","ping_status":"closed","template":"","meta":{"_joinchat":[],"footnotes":""},"class_list":["post-1659","page","type-page","status-publish","has-post-thumbnail","hentry","post-has-thumbnail"],"_links":{"self":[{"href":"https:\/\/ciu-edu.org\/index.php?rest_route=\/wp\/v2\/pages\/1659","targetHints":{"allow":["GET"]}}],"collection":[{"href":"https:\/\/ciu-edu.org\/index.php?rest_route=\/wp\/v2\/pages"}],"about":[{"href":"https:\/\/ciu-edu.org\/index.php?rest_route=\/wp\/v2\/types\/page"}],"author":[{"embeddable":true,"href":"https:\/\/ciu-edu.org\/index.php?rest_route=\/wp\/v2\/users\/1"}],"replies":[{"embeddable":true,"href":"https:\/\/ciu-edu.org\/index.php?rest_route=%2Fwp%2Fv2%2Fcomments&post=1659"}],"version-history":[{"count":25,"href":"https:\/\/ciu-edu.org\/index.php?rest_route=\/wp\/v2\/pages\/1659\/revisions"}],"predecessor-version":[{"id":8605,"href":"https:\/\/ciu-edu.org\/index.php?rest_route=\/wp\/v2\/pages\/1659\/revisions\/8605"}],"wp:featuredmedia":[{"embeddable":true,"href":"https:\/\/ciu-edu.org\/index.php?rest_route=\/wp\/v2\/media\/2823"}],"wp:attachment":[{"href":"https:\/\/ciu-edu.org\/index.php?rest_route=%2Fwp%2Fv2%2Fmedia&parent=1659"}],"curies":[{"name":"wp","href":"https:\/\/api.w.org\/{rel}","templated":true}]}}