{"id":1467,"date":"2016-05-19T19:58:55","date_gmt":"2016-05-19T19:58:55","guid":{"rendered":"http:\/\/base1.dyndns-server.com:8090\/ciuedu\/?page_id=1467"},"modified":"2024-05-25T09:23:39","modified_gmt":"2024-05-25T08:23:39","slug":"mision-de-ciu-cambridge-international-university","status":"publish","type":"page","link":"https:\/\/ciu-edu.org\/?page_id=1467","title":{"rendered":"Misi\u00f3n de CIU Cambridge International University"},"content":{"rendered":"\n<figure class=\"wp-block-image\"><img loading=\"lazy\" decoding=\"async\" width=\"777\" height=\"278\" src=\"https:\/\/ciu-edu.org\/wp-content\/uploads\/2018\/09\/mision.png\" alt=\"\" class=\"wp-image-2781\" srcset=\"https:\/\/ciu-edu.org\/wp-content\/uploads\/2018\/09\/mision.png 777w, https:\/\/ciu-edu.org\/wp-content\/uploads\/2018\/09\/mision-300x107.png 300w, https:\/\/ciu-edu.org\/wp-content\/uploads\/2018\/09\/mision-768x275.png 768w\" sizes=\"auto, (max-width: 777px) 100vw, 777px\" \/><\/figure>\n\n\n\n<p>La misi\u00f3n de Cambridge International University es estar abierta a personas, lugares, m\u00e9todos e ideas.<\/p>\n\n\n\n<p>Promovemos oportunidad educativa y la justicia social mediante la educaci\u00f3n universitaria de calidad para todos los que deseen cumplir sus aspiraciones y desarrollar todo su potencial.<\/p>\n\n\n\n<p>A trav\u00e9s de la investigaci\u00f3n acad\u00e9mica, la innovaci\u00f3n pedag\u00f3gica y la asociaci\u00f3n de colaboraciones, buscamos ser un l\u00edder mundial en el dise\u00f1o, contenido y entrega de formaci\u00f3n accesible.<\/p>\n\n\n\n<p>Nuestros estudiantes, buscan entre otras razones, procesos de actualizaci\u00f3n, obtener una cualificaci\u00f3n, impulsar su carrera, o buscar alternativas, en otra direcci\u00f3n profesional. La unidad organizativa est\u00e1 abierta a todos ellos.<\/p>\n\n\n\n<p>Aunque nuestro enfoque se centre en la digitalizaci\u00f3n de la formaci\u00f3n y el uso de tecnolog\u00edas avanzadas para llevar a cabo todos los procesos acad\u00e9micos, valoramos altamente el trabajo humano que brinda un soporte tradicional e insustituible con una cercan\u00eda que a\u00fan no puede ser replicada por la tecnolog\u00eda.<\/p>\n\n\n\n<p>Para ello, cada Delegaci\u00f3n Internacional, independientemente de la actividad tecnol\u00f3gica (Teletrabajo), cuenta con dependencias f\u00edsicas, y oficinas de atenci\u00f3n al alumnado, donde es posible realizar diferentes tr\u00e1mites administrativos, e incluso de soporte acad\u00e9mico, en el caso de procedimientos semi-presenciales. Entre otros, est\u00e1s son algunas de las dependencias, activas seg\u00fan procedimientos y requerimientos del a\u00f1o acad\u00e9mico en curso:<\/p>\n\n\n\n<figure class=\"wp-block-gallery has-nested-images columns-default is-cropped wp-block-gallery-1 is-layout-flex wp-block-gallery-is-layout-flex\">\n<figure class=\"wp-block-image size-large\"><img loading=\"lazy\" decoding=\"async\" width=\"982\" height=\"360\" data-id=\"8121\" src=\"https:\/\/ciu-edu.org\/wp-content\/uploads\/2024\/05\/1.png\" alt=\"\" class=\"wp-image-8121\" srcset=\"https:\/\/ciu-edu.org\/wp-content\/uploads\/2024\/05\/1.png 982w, https:\/\/ciu-edu.org\/wp-content\/uploads\/2024\/05\/1-300x110.png 300w, https:\/\/ciu-edu.org\/wp-content\/uploads\/2024\/05\/1-768x282.png 768w\" sizes=\"auto, (max-width: 982px) 100vw, 982px\" \/><figcaption class=\"wp-element-caption\">Departamento Acad\u00e9mico <\/figcaption><\/figure>\n\n\n\n<figure class=\"wp-block-image size-large\"><img loading=\"lazy\" decoding=\"async\" width=\"982\" height=\"360\" data-id=\"8126\" src=\"https:\/\/ciu-edu.org\/wp-content\/uploads\/2024\/05\/2.png\" alt=\"\" class=\"wp-image-8126\" srcset=\"https:\/\/ciu-edu.org\/wp-content\/uploads\/2024\/05\/2.png 982w, https:\/\/ciu-edu.org\/wp-content\/uploads\/2024\/05\/2-300x110.png 300w, https:\/\/ciu-edu.org\/wp-content\/uploads\/2024\/05\/2-768x282.png 768w\" sizes=\"auto, (max-width: 982px) 100vw, 982px\" \/><figcaption class=\"wp-element-caption\">Incubadora Tecnol\u00f3gica<\/figcaption><\/figure>\n\n\n\n<figure class=\"wp-block-image size-large\"><img loading=\"lazy\" decoding=\"async\" width=\"982\" height=\"360\" data-id=\"8129\" src=\"https:\/\/ciu-edu.org\/wp-content\/uploads\/2024\/05\/3.png\" alt=\"\" class=\"wp-image-8129\" srcset=\"https:\/\/ciu-edu.org\/wp-content\/uploads\/2024\/05\/3.png 982w, https:\/\/ciu-edu.org\/wp-content\/uploads\/2024\/05\/3-300x110.png 300w, https:\/\/ciu-edu.org\/wp-content\/uploads\/2024\/05\/3-768x282.png 768w\" sizes=\"auto, (max-width: 982px) 100vw, 982px\" \/><figcaption class=\"wp-element-caption\">Sala de Reuniones<\/figcaption><\/figure>\n\n\n\n<figure class=\"wp-block-image size-large\"><img loading=\"lazy\" decoding=\"async\" width=\"982\" height=\"360\" data-id=\"8123\" src=\"https:\/\/ciu-edu.org\/wp-content\/uploads\/2024\/05\/4.png\" alt=\"\" class=\"wp-image-8123\" srcset=\"https:\/\/ciu-edu.org\/wp-content\/uploads\/2024\/05\/4.png 982w, https:\/\/ciu-edu.org\/wp-content\/uploads\/2024\/05\/4-300x110.png 300w, https:\/\/ciu-edu.org\/wp-content\/uploads\/2024\/05\/4-768x282.png 768w\" sizes=\"auto, (max-width: 982px) 100vw, 982px\" \/><figcaption class=\"wp-element-caption\">Direcci\u00f3n y Gesti\u00f3n de Procesos<\/figcaption><\/figure>\n\n\n\n<figure class=\"wp-block-image size-large\"><img loading=\"lazy\" decoding=\"async\" width=\"982\" height=\"360\" data-id=\"8120\" src=\"https:\/\/ciu-edu.org\/wp-content\/uploads\/2024\/05\/5.png\" alt=\"\" class=\"wp-image-8120\" srcset=\"https:\/\/ciu-edu.org\/wp-content\/uploads\/2024\/05\/5.png 982w, https:\/\/ciu-edu.org\/wp-content\/uploads\/2024\/05\/5-300x110.png 300w, https:\/\/ciu-edu.org\/wp-content\/uploads\/2024\/05\/5-768x282.png 768w\" sizes=\"auto, (max-width: 982px) 100vw, 982px\" \/><figcaption class=\"wp-element-caption\">Seminarios y Formaci\u00f3n Continuada<\/figcaption><\/figure>\n\n\n\n<figure class=\"wp-block-image size-large\"><img loading=\"lazy\" decoding=\"async\" width=\"982\" height=\"360\" data-id=\"8128\" src=\"https:\/\/ciu-edu.org\/wp-content\/uploads\/2024\/05\/6.png\" alt=\"\" class=\"wp-image-8128\" srcset=\"https:\/\/ciu-edu.org\/wp-content\/uploads\/2024\/05\/6.png 982w, https:\/\/ciu-edu.org\/wp-content\/uploads\/2024\/05\/6-300x110.png 300w, https:\/\/ciu-edu.org\/wp-content\/uploads\/2024\/05\/6-768x282.png 768w\" sizes=\"auto, (max-width: 982px) 100vw, 982px\" \/><figcaption class=\"wp-element-caption\">Sala de Espera<\/figcaption><\/figure>\n\n\n\n<figure class=\"wp-block-image size-large\"><img loading=\"lazy\" decoding=\"async\" width=\"982\" height=\"360\" data-id=\"8131\" src=\"https:\/\/ciu-edu.org\/wp-content\/uploads\/2024\/05\/7.png\" alt=\"\" class=\"wp-image-8131\" srcset=\"https:\/\/ciu-edu.org\/wp-content\/uploads\/2024\/05\/7.png 982w, https:\/\/ciu-edu.org\/wp-content\/uploads\/2024\/05\/7-300x110.png 300w, https:\/\/ciu-edu.org\/wp-content\/uploads\/2024\/05\/7-768x282.png 768w\" sizes=\"auto, (max-width: 982px) 100vw, 982px\" \/><figcaption class=\"wp-element-caption\">Academico Semi-presencial<\/figcaption><\/figure>\n\n\n\n<figure class=\"wp-block-image size-large\"><img loading=\"lazy\" decoding=\"async\" width=\"982\" height=\"360\" data-id=\"8125\" src=\"https:\/\/ciu-edu.org\/wp-content\/uploads\/2024\/05\/8.png\" alt=\"\" class=\"wp-image-8125\" srcset=\"https:\/\/ciu-edu.org\/wp-content\/uploads\/2024\/05\/8.png 982w, https:\/\/ciu-edu.org\/wp-content\/uploads\/2024\/05\/8-300x110.png 300w, https:\/\/ciu-edu.org\/wp-content\/uploads\/2024\/05\/8-768x282.png 768w\" sizes=\"auto, (max-width: 982px) 100vw, 982px\" \/><figcaption class=\"wp-element-caption\"> Admisiones<\/figcaption><\/figure>\n\n\n\n<figure class=\"wp-block-image size-large\"><img loading=\"lazy\" decoding=\"async\" width=\"982\" height=\"360\" data-id=\"8130\" src=\"https:\/\/ciu-edu.org\/wp-content\/uploads\/2024\/05\/9.png\" alt=\"\" class=\"wp-image-8130\" srcset=\"https:\/\/ciu-edu.org\/wp-content\/uploads\/2024\/05\/9.png 982w, https:\/\/ciu-edu.org\/wp-content\/uploads\/2024\/05\/9-300x110.png 300w, https:\/\/ciu-edu.org\/wp-content\/uploads\/2024\/05\/9-768x282.png 768w\" sizes=\"auto, (max-width: 982px) 100vw, 982px\" \/><figcaption class=\"wp-element-caption\">Secretar\u00eda Registro Acad\u00e9mico<\/figcaption><\/figure>\n\n\n\n<figure class=\"wp-block-image size-large\"><img loading=\"lazy\" decoding=\"async\" width=\"982\" height=\"360\" data-id=\"8124\" src=\"https:\/\/ciu-edu.org\/wp-content\/uploads\/2024\/05\/10.png\" alt=\"\" class=\"wp-image-8124\" srcset=\"https:\/\/ciu-edu.org\/wp-content\/uploads\/2024\/05\/10.png 982w, https:\/\/ciu-edu.org\/wp-content\/uploads\/2024\/05\/10-300x110.png 300w, https:\/\/ciu-edu.org\/wp-content\/uploads\/2024\/05\/10-768x282.png 768w\" sizes=\"auto, (max-width: 982px) 100vw, 982px\" \/><figcaption class=\"wp-element-caption\">Sal\u00f3n de Actos<\/figcaption><\/figure>\n\n\n\n<figure class=\"wp-block-image size-large\"><img loading=\"lazy\" decoding=\"async\" width=\"982\" height=\"360\" data-id=\"8127\" src=\"https:\/\/ciu-edu.org\/wp-content\/uploads\/2024\/05\/11.png\" alt=\"\" class=\"wp-image-8127\" srcset=\"https:\/\/ciu-edu.org\/wp-content\/uploads\/2024\/05\/11.png 982w, https:\/\/ciu-edu.org\/wp-content\/uploads\/2024\/05\/11-300x110.png 300w, https:\/\/ciu-edu.org\/wp-content\/uploads\/2024\/05\/11-768x282.png 768w\" sizes=\"auto, (max-width: 982px) 100vw, 982px\" \/><figcaption class=\"wp-element-caption\">Direcci\u00f3n Acad\u00e9mica<\/figcaption><\/figure>\n\n\n\n<figure class=\"wp-block-image size-large\"><img loading=\"lazy\" decoding=\"async\" width=\"982\" height=\"360\" data-id=\"8122\" src=\"https:\/\/ciu-edu.org\/wp-content\/uploads\/2024\/05\/12.png\" alt=\"\" class=\"wp-image-8122\" srcset=\"https:\/\/ciu-edu.org\/wp-content\/uploads\/2024\/05\/12.png 982w, https:\/\/ciu-edu.org\/wp-content\/uploads\/2024\/05\/12-300x110.png 300w, https:\/\/ciu-edu.org\/wp-content\/uploads\/2024\/05\/12-768x282.png 768w\" sizes=\"auto, (max-width: 982px) 100vw, 982px\" \/><figcaption class=\"wp-element-caption\">Servicio Tutorial<\/figcaption><\/figure>\n\n\n\n<figure class=\"wp-block-image size-large\"><img loading=\"lazy\" decoding=\"async\" width=\"982\" height=\"360\" data-id=\"8132\" src=\"https:\/\/ciu-edu.org\/wp-content\/uploads\/2024\/05\/13.png\" alt=\"\" class=\"wp-image-8132\" srcset=\"https:\/\/ciu-edu.org\/wp-content\/uploads\/2024\/05\/13.png 982w, https:\/\/ciu-edu.org\/wp-content\/uploads\/2024\/05\/13-300x110.png 300w, https:\/\/ciu-edu.org\/wp-content\/uploads\/2024\/05\/13-768x282.png 768w\" sizes=\"auto, (max-width: 982px) 100vw, 982px\" \/><figcaption class=\"wp-element-caption\">Dpto. de Gesti\u00f3n de Calidad Acad\u00e9mica<\/figcaption><\/figure>\n<\/figure>\n\n\n\n<p>Tambi\u00e9n dispone de un Listado de las Delegaciones, seg\u00fan Zona Geogr\u00e1fica. <a href=\"https:\/\/ciu-edu.org\/?page_id=5339\" data-type=\"page\" data-id=\"5339\">Puede informarse desde aqu\u00ed.<\/a><\/p>\n\n\n\n<h2 class=\"wp-block-heading\">\u00bfC\u00f3mo desarrollamos&nbsp;nuestra misi\u00f3n?<\/h2>\n\n\n\n<p>Cambridge International University dise\u00f1a anualmente un plan estrat\u00e9gico, el cual, es el medio de cubrir la demanda y necesidad de nuestros futuros alumnos A trav\u00e9s de la educaci\u00f3n, y nuestro dise\u00f1o program\u00e1tico y de metodolog\u00eda, nos adaptamos a un mundo que cambia r\u00e1pidamente.<\/p>\n\n\n\n<p>Nuestros informes anuales proporcionan un registro de nuestros trabajos, eventos, proyectos y principales datos financieros de a\u00f1o en a\u00f1o.<\/p>\n\n\n\n<h2 class=\"wp-block-heading\">Abierto a todos<\/h2>\n\n\n\n<p>Las metodolog\u00edas <strong>\u00abBlender Training\u00bb<\/strong> y <strong>\u00abDistance Global Learning\u00bb <\/strong>no conocen fronteras y ofrecen diversos beneficios para la formaci\u00f3n superior de personas adultas, como flexibilidad horaria, eliminaci\u00f3n de barreras geogr\u00e1ficas, desarrollo de habilidades de autogesti\u00f3n y autonom\u00eda, programas acad\u00e9micos m\u00e1s econ\u00f3micos, y periodos de formaci\u00f3n presencial o entrenamiento pr\u00e1ctico. Por estas razones, estas modalidades de aprendizaje se han convertido en las opciones cada vez m\u00e1s populares para aquellos que buscan continuar su educaci\u00f3n y mejorar sus perspectivas profesionales.<\/p>\n\n\n\n<p>Si tiene cualquier consulta al respecto, puede contactar con nuestros asesores informativos, desde el <a href=\"https:\/\/web.whatsapp.com\/send?phone=+34670612202&amp;text=Hola,%20deseo%20comunicarme%20con%20el%20Departamento%20de%20Informacion%20de%20CIU\" target=\"_blank\" rel=\"noreferrer noopener\">Canal de WhatsApp<\/a> o directamente utilizando el <a href=\"https:\/\/ciu-edu.org\/?p=1959\" target=\"_blank\" rel=\"noreferrer noopener\">Servicio Web-Mail<\/a>. Creemos que las cualificaciones de nuestros egresados, es lo m\u00e1s importante.<\/p>\n\n\n\n<p>Estamos comprometidos con la promoci\u00f3n de la igualdad de oportunidades para todos, y un estrecho seguimiento que asegura de que estamos a la altura de nuestros ideales.<\/p>\n\n\n\n<h1 class=\"wp-block-heading\">La igualdad y la diversidad<\/h1>\n\n\n\n<h2 class=\"wp-block-heading\">Apoyo a los estudiantes con discapacidad.<\/h2>\n\n\n\n<p>La unidad organizativa tiene m\u00e1s estudiantes con discapacidad que cualquier otra universidad en Europa. La naturaleza flexible de estudio CIU y nuestra experiencia en el aprovechamiento de tecnolog\u00edas de apoyo para apoyar el aprendizaje significa casi 12.500 personas con una amplia gama de discapacidades &#8211; incluyendo problemas de salud mental &#8211; eligen estudiar con nosotros cada a\u00f1o.<\/p>\n\n\n\n<h2 class=\"wp-block-heading\">Servicios para estudiantes discapacitados<\/h2>\n\n\n\n<p>Nuestro Centro de Acceso proporciona apoyo adicional a los estudiantes con discapacidad, garantizando que puedan participar en todos los aspectos de la vida universitaria. Esto puede incluir el suministro de programas inform\u00e1ticos especiales, adaptaci\u00f3n de los materiales de estudio (por ejemplo, lectura en voz alta, activos en pdf), ex\u00e1menes desde casa, etc, y ofreciendo y asesorando, sobre financiaci\u00f3n.<\/p>\n\n\n\n<p>Hay mucho trabajo por hacer, y actualmente se coordinan y desarrollan una serie de acciones de asesoramiento y apoyo a la comunidad educativa, que contribuyen a suprimir barreras para el acceso, la participaci\u00f3n y el aprendizaje de los estudiantes&nbsp;con discapacidad. Estos son sus principales \u00e1mbitos de trabajo:<\/p>\n\n\n\n<ul class=\"wp-block-list\">\n<li>La informaci\u00f3n, el asesoramiento, la orientaci\u00f3n y el apoyo a los estudiantes con discapacidad o a quienes quieren acceder a CIU, sobre diversas cuestiones relacionadas con los estudios en la universidad y las mejores condiciones para llevarlos a cabo.<\/li>\n\n\n\n<li>La mediaci\u00f3n entre el estudiante con discapacidad y los diferentes departamentos y servicios universitarios, tanto docentes como administrativos, para la adaptaci\u00f3n de los procesos de ense\u00f1anza y aprendizaje y de evaluaci\u00f3n a las necesidades derivadas de la discapacidad o la diversidad funcional.<\/li>\n\n\n\n<li>El desarrollo y la participaci\u00f3n en acciones de asesoramiento, apoyo, sensibilizaci\u00f3n y formaci\u00f3n dirigidas a la comunidad universitaria, sobre las necesidades espec\u00edficas que tienen las personas con discapacidad.<\/li>\n\n\n\n<li>La coordinaci\u00f3n de acciones para la mejora de la accesibilidad f\u00edsica y de las TIC en los diferentes servicios educativos&nbsp;y sus Centros Asociados.<\/li>\n\n\n\n<li>El dise\u00f1o de una red de voluntariado y coordinaci\u00f3n de personas voluntarias en los diferentes colectivos que integran la universidad.<br>El desarrollo de acciones para la inserci\u00f3n laboral de los estudiantes y titulados universitarios con discapacidad, a trav\u00e9s de acuerdos con otras entidades.<\/li>\n<\/ul>\n\n\n\n<h2 class=\"wp-block-heading\">Ampliar el acceso en la educaci\u00f3n<\/h2>\n\n\n\n<p>Trabajamos en colaboraci\u00f3n con las organizaciones educativas internacionales, del \u00e1rea americana de habla hispana, para abrir la educaci\u00f3n superior para los grupos menos representados, llegar a los estudiantes potenciales en sus comunidades, y asegurar que, una vez a bordo, estos estudiantes reciban el apoyo que necesitan para tener \u00e9xito en sus estudios.<\/p>\n\n\n\n<p>Los diferentes convenios, con las entidades representativas indigenas y afrodeacendientes, son prueba de nuestro compromiso y cometido.<\/p>\n\n\n\n<h2 class=\"wp-block-heading\">La solicitud de acceso<\/h2>\n\n\n\n<p>Nuestros m\u00f3dulos de acceso est\u00e1n dise\u00f1ados para ayudar a las personas a encontrar lo que necesitan estudiar en CIU, y desarrollar las habilidades de estudio y confianza.<\/p>\n\n\n\n<p><strong>Por ese motivo, usted dispone de:<\/strong><\/p>\n\n\n\n<ul class=\"wp-block-list\">\n<li>Un sistema de b\u00fasqueda recurrente en este website.<\/li>\n\n\n\n<li>Un formulario electronico, con capacidad de carga documental, asi como el tradicional en formato docx (impriimir), para su envio por email o postal certificado.<\/li>\n\n\n\n<li>Un servicio de asesoria acad\u00e9mica y administrativo, accesible a trav\u00e9s del formulario de contacto r\u00e1pido.<\/li>\n\n\n\n<li>Contacto instantaneo por mensajer\u00eda movil o celular( whatsapp).<\/li>\n<\/ul>\n\n\n\n<h2 class=\"wp-block-heading\">M\u00f3dulos de acceso<\/h2>\n\n\n\n<p>El acceso efectivo, incluye en todos los casos, los materiales de aprendizaje.<\/p>\n\n\n\n<div class=\"wp-block-group\"><div class=\"wp-block-group__inner-container is-layout-constrained wp-block-group-is-layout-constrained\">\n<p><strong>Metodolog\u00eda de Estudio: Blended Training<\/strong><\/p>\n\n\n\n<p>El aprendizaje semipresencial, combina el aprendizaje en l\u00ednea, con la instrucci\u00f3n o procesos pr\u00e1cticos presenciales .<br>Los estudiantes completan algunos componentes en l\u00ednea y otros en el aula, como por ejemplo las evaluaciones.<br>Las mismas personas aprenden tanto en persona como en l\u00ednea, integrando ambos modos de manera fluida.<br>Piensa en una situaci\u00f3n en la que los estudiantes asisten a clases presenciales, pero tambi\u00e9n participan en discusiones en l\u00ednea, cuestionarios, foros, o tareas.<\/p>\n<\/div><\/div>\n\n\n\n<p><strong>Metodolog\u00eda de Estudio: Distance Global Learning.<\/strong><\/p>\n\n\n\n<p>La metodolog\u00eda  \u00abDistance Global Learning\u00bb se integra con las Tecnolog\u00edas de la Informaci\u00f3n y Comunicaci\u00f3n, a trav\u00e9s de los recursos disponibles en el Campus Virtual, donde dispondr\u00e1 de una serie de recursos para el desarrollo y estudio de la programaci\u00f3n.<\/p>\n\n\n\n<p>Entre estos recursos, se encuentran los materiales de estudio, disponibles en formato electr\u00f3nico sin limitaciones en cuento descarga, impresi\u00f3n o copia de seguridad.<\/p>\n\n\n\n<p>Cada d\u00eda, miles de personas acceden al contenido educativo de CIU, sin importar donde viven, el horario, o las posibilidades de desarrollo del programa educativo. Todo lo que necesitan es un equipo inform\u00e1tico o computadora, y una conexi\u00f3n a Internet.<\/p>\n\n\n\n<h2 class=\"wp-block-heading\">Carta del estudiante<\/h2>\n\n\n\n<p>La Cambridge International University es algo m\u00e1s que un lugar de aprendizaje, se trata de una comunidad. La Carta del estudiante de CIU, es desarrollada conjuntamente por la Universidad y la Asociaci\u00f3n de Estudiantes de CIU, establece las responsabilidades de unos con otros, como miembros de la comunidad CIU.<\/p>\n\n\n\n<h2 class=\"wp-block-heading\">Desarrollo internacional<\/h2>\n\n\n\n<p>La Cambridge International University ha estado comprometida con el desarrollo internacional durante m\u00e1s de 20 a\u00f1os. Entregamos programas flexibles, adaptables y escalables en asociaci\u00f3n con, organizaciones no gubernamentales, fundaciones, instituciones financieras y socios locales, e internacionales.<\/p>\n\n\n\n<p>La creaci\u00f3n de Delegaciones, ha sido la piedra angular del desarrollo de CIU, en el mundo de habla hispana, introduciendo a trav\u00e9s de los delegados, el acceso a la formaci\u00f3n bajo las metodolog\u00edas, Semipresencial, a Distancia y On line. Los delegados a su vez, mantienen centros de formaci\u00f3n, institutos universitarios, con sus propios programas, los cuales, la mayor\u00eda, han solicitado acreditar por medio de Cambridge Inernational Univeristy. El estudiante que acceder a trav\u00e9s de una delegaci\u00f3n, debe asegurarse de que \u00e9sta aparece efectivamente activa, y que est\u00e1 listada, en el apartado <a href=\"https:\/\/ciu-edu.org\/?p=392\">\u00abDelegaciones\u00bb.<\/a><\/p>\n\n\n\n<p>Se hace menci\u00f3n tambi\u00e9n, a los Convenios Culturales y de Cooperaci\u00f3n Internacional, con prestigiosas universidades europeas y americanas donde destaca el uso del habla hispana, con la que firmamos y ratificamos, diversas actividades de car\u00e1cter acad\u00e9mico.<\/p>\n","protected":false},"excerpt":{"rendered":"<p>La misi\u00f3n de Cambridge International University es estar abierta a personas, lugares, m\u00e9todos e ideas. Promovemos oportunidad educativa y la justicia social mediante la educaci\u00f3n universitaria de calidad para todos los que deseen cumplir sus aspiraciones y desarrollar todo su potencial. A trav\u00e9s de la investigaci\u00f3n acad\u00e9mica, la innovaci\u00f3n pedag\u00f3gica y la asociaci\u00f3n de colaboraciones, buscamos ser un l\u00edder mundial en el dise\u00f1o, contenido y entrega de formaci\u00f3n accesible. Nuestros estudiantes, buscan entre otras razones, procesos de actualizaci\u00f3n, obtener una&hellip;<\/p>\n","protected":false},"author":1,"featured_media":2781,"parent":0,"menu_order":0,"comment_status":"closed","ping_status":"open","template":"","meta":{"_joinchat":[],"footnotes":""},"class_list":["post-1467","page","type-page","status-publish","has-post-thumbnail","hentry","post-has-thumbnail"],"_links":{"self":[{"href":"https:\/\/ciu-edu.org\/index.php?rest_route=\/wp\/v2\/pages\/1467","targetHints":{"allow":["GET"]}}],"collection":[{"href":"https:\/\/ciu-edu.org\/index.php?rest_route=\/wp\/v2\/pages"}],"about":[{"href":"https:\/\/ciu-edu.org\/index.php?rest_route=\/wp\/v2\/types\/page"}],"author":[{"embeddable":true,"href":"https:\/\/ciu-edu.org\/index.php?rest_route=\/wp\/v2\/users\/1"}],"replies":[{"embeddable":true,"href":"https:\/\/ciu-edu.org\/index.php?rest_route=%2Fwp%2Fv2%2Fcomments&post=1467"}],"version-history":[{"count":15,"href":"https:\/\/ciu-edu.org\/index.php?rest_route=\/wp\/v2\/pages\/1467\/revisions"}],"predecessor-version":[{"id":8221,"href":"https:\/\/ciu-edu.org\/index.php?rest_route=\/wp\/v2\/pages\/1467\/revisions\/8221"}],"wp:featuredmedia":[{"embeddable":true,"href":"https:\/\/ciu-edu.org\/index.php?rest_route=\/wp\/v2\/media\/2781"}],"wp:attachment":[{"href":"https:\/\/ciu-edu.org\/index.php?rest_route=%2Fwp%2Fv2%2Fmedia&parent=1467"}],"curies":[{"name":"wp","href":"https:\/\/api.w.org\/{rel}","templated":true}]}}