{"id":1378,"date":"2016-02-20T08:42:32","date_gmt":"2016-02-20T08:42:32","guid":{"rendered":"http:\/\/base1.dyndns-server.com:8090\/ciuedu\/?page_id=1378"},"modified":"2026-02-03T06:11:38","modified_gmt":"2026-02-03T05:11:38","slug":"formacion-on-line-y-a-distancia","status":"publish","type":"page","link":"https:\/\/ciu-edu.org\/?page_id=1378","title":{"rendered":"Modalidad de Estudio"},"content":{"rendered":"\n<p><strong>Cambridge International University<\/strong> (CIU) como <strong>participe e impulsor<\/strong> de las <strong>TIC aplicadas a la formaci\u00f3n<\/strong>, tiene una amplia experiencia en el m\u00e9todo tradicional de formaci\u00f3n a distancia, <strong>sum\u00e1ndose a la revoluci\u00f3n que supuso Internet, <\/strong>que dio paso, a los primeros <strong>sistemas de gesti\u00f3n digital de contenidos acad\u00e9micos.<\/strong><\/p>\n\n\n\n<p><strong>Estos primeros sistemas en l\u00ednea, fueron evolucionando, hasta el denominado Campus Virtual, que hoy, ofrece la programaci\u00f3n de recursos digitales, para el desarrollo acad\u00e9mico de miles de alumnos y profesionales en activo.<\/strong><\/p>\n\n\n\n<p><strong>Uno de los aspectos mas interesantes <\/strong>de nuestro <strong>m\u00e9todo \u00abDistance Global Learning\u00bb<\/strong> es la <strong>ruptura de los estrictos horarios<\/strong>, <strong>y desplazamientos<\/strong>, t\u00edpicos de la modalidad presencial, ofreciendo un <strong>formato abierto accesible y seguro,<\/strong> para todo el alumnado.<\/p>\n\n\n\n<figure class=\"wp-block-image\"><img loading=\"lazy\" decoding=\"async\" width=\"1653\" height=\"284\" src=\"https:\/\/ciu-edu.org\/wp-content\/uploads\/2018\/09\/evolucionl_fin_post.png\" alt=\"\" class=\"wp-image-2905\" srcset=\"https:\/\/ciu-edu.org\/wp-content\/uploads\/2018\/09\/evolucionl_fin_post.png 1653w, https:\/\/ciu-edu.org\/wp-content\/uploads\/2018\/09\/evolucionl_fin_post-300x52.png 300w, https:\/\/ciu-edu.org\/wp-content\/uploads\/2018\/09\/evolucionl_fin_post-768x132.png 768w, https:\/\/ciu-edu.org\/wp-content\/uploads\/2018\/09\/evolucionl_fin_post-1024x176.png 1024w\" sizes=\"auto, (max-width: 1653px) 100vw, 1653px\" \/><\/figure>\n\n\n\n<h2 class=\"wp-block-heading\">Metodolog\u00eda Formativa en Evoluci\u00f3n Constante<\/h2>\n\n\n\n<p><strong>La metodolog\u00eda \u00abDistance Global Learning\u00bb <\/strong>implica un <strong>desarrollo actual y constante, <\/strong>de los recursos programados, y aplicados a la formaci\u00f3n en l\u00ednea.<\/p>\n\n\n\n<p>Cambridge International University, <strong>pone a su disposici\u00f3n,<\/strong> diversas <strong>herramientas<\/strong> para el <strong>desarrollo acad\u00e9mico.<\/strong> Estos recursos permiten la comunicaci\u00f3n tutorial, acceso al material de estudio, recursos anexos audiovisuales, bases de datos documentales, procesos evaluativos, Libro de Calificaciones, y el desarrollo integro del proyecto final.<\/p>\n\n\n\n<p><strong>Ahora bien, la investigaci\u00f3n, evoluci\u00f3n e implementaci\u00f3n<\/strong> de las caracter\u00edsticas de la formaci\u00f3n On Line, y A Distancia, nos permite <strong>mirar hacia el futuro,<\/strong> con <strong>recursos como<\/strong> la <strong>Inteligencia Artificial, o la Realidad Virtual,<\/strong> integradas hoy en la <strong>Metodolog\u00eda \u00abDistance Global Learning\u00bb.<\/strong><\/p>\n\n\n\n<figure class=\"wp-block-image\"><img loading=\"lazy\" decoding=\"async\" width=\"1653\" height=\"284\" src=\"https:\/\/ciu-edu.org\/wp-content\/uploads\/2018\/09\/internaci_fin_post.png\" alt=\"\" class=\"wp-image-2906\" srcset=\"https:\/\/ciu-edu.org\/wp-content\/uploads\/2018\/09\/internaci_fin_post.png 1653w, https:\/\/ciu-edu.org\/wp-content\/uploads\/2018\/09\/internaci_fin_post-300x52.png 300w, https:\/\/ciu-edu.org\/wp-content\/uploads\/2018\/09\/internaci_fin_post-768x132.png 768w, https:\/\/ciu-edu.org\/wp-content\/uploads\/2018\/09\/internaci_fin_post-1024x176.png 1024w\" sizes=\"auto, (max-width: 1653px) 100vw, 1653px\" \/><\/figure>\n\n\n\n<h2 class=\"wp-block-heading\">\u00bfC\u00f3mo funciona?<\/h2>\n\n\n\n<p><strong>Algunas personas, pueden sentir cierto temor por la tecnolog\u00eda,<\/strong> pero <strong>deben tener la certeza<\/strong>, de que todo <strong>el m\u00e9todo \u00abDistance Global Learning\u00bb esta dise\u00f1ado<\/strong> bas\u00e1ndonos en un objetivo base y primordial: <strong>Usabilidad.<\/strong><\/p>\n\n\n\n<p><strong>La usabilidad del entorno<\/strong> del Campus Virtual, ha sido auditada, <strong>hasta obtener una curva de aprendizaje para su uso, incre\u00edblemente baja,<\/strong> y utilizando <strong>procesos instintivos para el uso del sistema.<\/strong><\/p>\n\n\n\n<p><strong>Como funciones opcionales y disponibles, podemos destacar,<\/strong> las <strong>salas de comunicaci\u00f3n,<\/strong> los <strong>tours explicativos<\/strong> para el uso de recursos, o la posibilidad de <strong>traducir a un idioma<\/strong>, todo el entorno de trabajo, con un solo clic.<\/p>\n\n\n\n<p><strong>Los procesos aplicados a los programa de estudio,<\/strong> se sustentan a trav\u00e9s de <strong>tres pilares fundamentales:<\/strong> <strong>Estudio,<\/strong> <strong>Gesti\u00f3n Tutorial <\/strong>y <strong>Evaluaci\u00f3n.<\/strong><\/p>\n\n\n\n<figure class=\"wp-block-image size-large\"><img loading=\"lazy\" decoding=\"async\" width=\"1024\" height=\"378\" src=\"https:\/\/ciu-edu.org\/wp-content\/uploads\/2025\/07\/Metodo-1-1024x378.png\" alt=\"\" class=\"wp-image-9355\" srcset=\"https:\/\/ciu-edu.org\/wp-content\/uploads\/2025\/07\/Metodo-1-1024x378.png 1024w, https:\/\/ciu-edu.org\/wp-content\/uploads\/2025\/07\/Metodo-1-300x111.png 300w, https:\/\/ciu-edu.org\/wp-content\/uploads\/2025\/07\/Metodo-1-768x284.png 768w, https:\/\/ciu-edu.org\/wp-content\/uploads\/2025\/07\/Metodo-1-1536x567.png 1536w, https:\/\/ciu-edu.org\/wp-content\/uploads\/2025\/07\/Metodo-1.png 1861w\" sizes=\"auto, (max-width: 1024px) 100vw, 1024px\" \/><\/figure>\n\n\n\n<p><strong>Usted dispone del programa de estudio,<\/strong> de una forma c\u00f3moda y precisa, contenida en soportes digitales basados en el est\u00e1ndar PDF, que podr\u00e1 descargar, directamente en su ordenador o computadora.<\/p>\n\n\n\n<p><strong>Gesti\u00f3n Tutorial: <\/strong>Dise\u00f1ada para ser <strong>utilizada en diferido, sin franjas horarias.<\/strong> Cuando usted tiene una duda, genera una consulta y el tutor, le responder\u00e1. <strong>Los tutores cuentan con varios recursos<\/strong> a su disposici\u00f3n, pero el que ha demostrado ser mas \u00fatil y vers\u00e1til, es el correo electr\u00f3nico. <strong>Este sistema permite, que el tutor,<\/strong> incluya el l\u00f3gico texto con <strong>la respuesta, <\/strong>y se apoye en <strong>elementos adjuntos o externos<\/strong>, enviando <strong>por ejemplo<\/strong>, <strong>acceso a software<\/strong>, <strong>video, <\/strong>o <strong>bibliograf\u00eda<\/strong> recomendada, con la que ampliar conocimientos.<\/p>\n\n\n\n<p><strong>Evaluaci\u00f3n: <\/strong>Desarrollado el estudio, y la gesti\u00f3n tutorial, <strong>usted ya est\u00e1 preparado para evaluarse.<\/strong> Las evaluaciones, <strong>ser\u00e1n propuestas por su tutor, <\/strong>y podr\u00e1 acceder en el momento que lo desee. Los <strong>recursos evaluativos son activados a voluntad o solicitud de acceso, por el estudiante<\/strong> y solo tiene que realizar la prueba evaluativa y enviarla a calificaci\u00f3n.<\/p>\n\n\n\n<p><strong>Revisada la evaluaci\u00f3n<\/strong>, recibir\u00e1 los <strong>comentarios del tutor y la nota obtenida<\/strong>, la cual ser\u00e1 genera el denominado, Libro de Calificaciones.<\/p>\n\n\n\n<p><strong>El Libro de Calificaciones, <\/strong>es un <strong>recursos accesible por el estudiante <\/strong>desde su<strong> zona privada, <\/strong>y permite <strong>recibir una retroalimentaci\u00f3n sobre la tarea realizada,<\/strong> as\u00ed como, un<strong> control de las calificaciones obtenidas,<\/strong> en cada uno de los m\u00f3dulos que componen el programa.<\/p>\n\n\n\n<figure class=\"wp-block-image\"><img decoding=\"async\" src=\"https:\/\/ciu-edu.org\/wp-content\/uploads\/2016\/02\/formacion_fin_post.png\" alt=\"\" class=\"wp-image-1719\"\/><\/figure>\n\n\n\n<h2 class=\"wp-block-heading\">Otros recursos<\/h2>\n\n\n\n<p><strong>Recursos<\/strong> como <strong>bases de datos<\/strong>, listas de<strong> distribuci\u00f3n de video<\/strong>, recursos <strong>anexos,<\/strong> etc&#8230; <strong>ser\u00e1n parte de sus herramientas de trabajo<\/strong>, facilit\u00e1ndole el desarrollo del programa de estudio.<\/p>\n\n\n\n<h2 class=\"wp-block-heading\">Proyecto Final, o TFM<\/h2>\n\n\n\n<p><strong>Algunos niveles <\/strong>acad\u00e9micos, <strong>requieren el desarrollo de un Proyecto Final o TFM<\/strong> (Trabajo Fin de M\u00e1ster). Usted <strong>dispondr\u00e1 de todos los recursos para<\/strong> la <strong>selecci\u00f3n<\/strong> del tema, <strong>desarrollo <\/strong>del <strong>anteproyecto<\/strong>, <strong>edici\u00f3n<\/strong> <strong>y presentaci\u00f3n del Trabajo Final o Tesis<\/strong> ante el Comit\u00e9 de Evaluaci\u00f3n.<\/p>\n\n\n\n<p><strong>En esta parte<\/strong> del programa, <strong>dispone de la figura del Director Acad\u00e9mico <\/strong>que estar\u00e1 a su disposici\u00f3n, ante cualquier gesti\u00f3n que requiera.<\/p>\n\n\n\n<h2 class=\"wp-block-heading\">Contacto<\/h2>\n\n\n\n<p><strong>Si tiene usted alguna consulta,<\/strong> respecto a esta informaci\u00f3n, rogamos <strong>contacte con nuestros asesores acad\u00e9micos<\/strong>, mediante la <a rel=\"noreferrer noopener\" aria-label=\"l\u00ednea de WhatsApp (abre en una nueva pesta\u00f1a)\" href=\"https:\/\/web.whatsapp.com\/send?phone=+34670612202&amp;text=Hola,%20deseo%20comunicarme%20con%2CIU\" target=\"_blank\">l\u00ednea de WhatsApp<\/a> o desde nuestro <a href=\"https:\/\/ciu-edu.org\/?p=1959\">formulario de contacto.<\/a><\/p>\n\n\n\n<p><\/p>\n","protected":false},"excerpt":{"rendered":"<p>Cambridge International University (CIU) como participe e impulsor de las TIC aplicadas a la formaci\u00f3n, tiene una amplia experiencia en el m\u00e9todo tradicional de formaci\u00f3n a distancia, sum\u00e1ndose a la revoluci\u00f3n que supuso Internet, que dio paso, a los primeros sistemas de gesti\u00f3n digital de contenidos acad\u00e9micos. Estos primeros sistemas en l\u00ednea, fueron evolucionando, hasta el denominado Campus Virtual, que hoy, ofrece la programaci\u00f3n de recursos digitales, para el desarrollo acad\u00e9mico de miles de alumnos y profesionales en activo. Uno&hellip;<\/p>\n","protected":false},"author":1,"featured_media":0,"parent":0,"menu_order":0,"comment_status":"closed","ping_status":"open","template":"","meta":{"_joinchat":[],"footnotes":""},"class_list":["post-1378","page","type-page","status-publish","hentry"],"_links":{"self":[{"href":"https:\/\/ciu-edu.org\/index.php?rest_route=\/wp\/v2\/pages\/1378","targetHints":{"allow":["GET"]}}],"collection":[{"href":"https:\/\/ciu-edu.org\/index.php?rest_route=\/wp\/v2\/pages"}],"about":[{"href":"https:\/\/ciu-edu.org\/index.php?rest_route=\/wp\/v2\/types\/page"}],"author":[{"embeddable":true,"href":"https:\/\/ciu-edu.org\/index.php?rest_route=\/wp\/v2\/users\/1"}],"replies":[{"embeddable":true,"href":"https:\/\/ciu-edu.org\/index.php?rest_route=%2Fwp%2Fv2%2Fcomments&post=1378"}],"version-history":[{"count":27,"href":"https:\/\/ciu-edu.org\/index.php?rest_route=\/wp\/v2\/pages\/1378\/revisions"}],"predecessor-version":[{"id":9767,"href":"https:\/\/ciu-edu.org\/index.php?rest_route=\/wp\/v2\/pages\/1378\/revisions\/9767"}],"wp:attachment":[{"href":"https:\/\/ciu-edu.org\/index.php?rest_route=%2Fwp%2Fv2%2Fmedia&parent=1378"}],"curies":[{"name":"wp","href":"https:\/\/api.w.org\/{rel}","templated":true}]}}